{"id":1655,"date":"2024-04-12T14:40:33","date_gmt":"2024-04-12T11:40:33","guid":{"rendered":"https:\/\/svenciunamai.eu\/?page_id=1655"},"modified":"2024-05-08T15:24:40","modified_gmt":"2024-05-08T12:24:40","slug":"renginiu-organizavimas-imonems","status":"publish","type":"page","link":"https:\/\/svenciunamai.eu\/?page_id=1655","title":{"rendered":"Rengini\u0173 organizavimas \u012fmon\u0117ms"},"content":{"rendered":"\n<p>Galime pad\u0117ti suplanuoti bei \u012fgyvendinti j\u016bs\u0173 \u012fmon\u0117s rengin\u012f, pasi\u016blyti paslaug\u0173 tiek\u0117jus, i\u0161skirtines pramogas ir programas. <\/p>\n\n\n\n<p class=\"has-blush-light-purple-gradient-background has-background\"><strong>Savo renginiams galite u\u017esakyti tik reikiamas paslaugas arba pasirinkti vis\u0105 paslaug\u0173 paket\u0105 su \u0161vent\u0117s planavimu bei koordinavimu.<\/strong><\/p>\n\n\n\n<p><strong>Paslaugos \u012fmoni\u0173 renginiams<\/strong><\/p>\n\n\n\n<p>Jei organizuojate \u012fmon\u0117s rengin\u012f savaranki\u0161kai, pas mus galima u\u017esakyti tik tas paslaugas, kurios jums reikalingos (neb\u016btina rinktis pilnus \u0161vent\u0117s paketus ar pirkti organizavimo ir koordinavimo paslaugas). Reikalingas maitinimas, u\u017eimtumas, dekoras, aptarnaujantis personalas ar kiti paslaug\u0173 tiek\u0117jai? Puiku, turime patikimus partnerius, mielai pateiksime pasi\u016blym\u0105 atitinkant\u012f j\u016bs\u0173 poreikius<\/p>\n\n\n\n<p><strong>Rengini\u0173 organizavimas ir koordinavimas<\/strong><\/p>\n\n\n\n<p>Galime pad\u0117ti suplanuoti bei \u012fgyvendinti \u012fvairias \u0161ventes bei renginius. \u0160vent\u0117s organizavimas ir koordinavimas susideda i\u0161 trij\u0173 etap\u0173, galite rinktis kurio konkre\u010diai reikia ir u\u017esakyti tik t\u0105 dal\u012f arba galime sutarti vis\u0105 paslaug\u0173 paket\u0105.<\/p>\n\n\n\n<p>\u0160VENT\u0116S PLANAVIMAS<\/p>\n\n\n\n<ul class=\"wp-block-list\">\n<li>Kartu su klientu aptariame b\u016bsim\u0105 rengin\u012f, i\u0161siai\u0161kiname vizij\u0105, aptar\u0117me koncept\u0105 ir biud\u017eet\u0105.<\/li>\n\n\n\n<li>Surandu paslaug\u0173 tiek\u0117jus, pateikiu j\u0173 pasi\u016blymus bei s\u0105mat\u0105.<\/li>\n\n\n\n<li>Paruo\u0161iu \u0161vent\u0117s plan\u0105.<\/li>\n\n\n\n<li>Sud\u0117lioju paslaug\u0173 tiek\u0117j\u0173 atvykimo laikus, su jais kontaktuoju ir derinu visas smulkmenas (priva\u017eiavimo klausimai, elektros pasiekiamumo ir galios klausimai, kito paslaug\u0173 tiek\u0117jams reikalingo inventoriaus u\u017esakymai ir kt.).<\/li>\n<\/ul>\n\n\n\n<p>KOORDINAVIMAS<\/p>\n\n\n\n<ul class=\"wp-block-list\">\n<li>Renginio dien\u0105 vykstu \u012f viet\u0105, laukiu tiek\u0117j\u0173, su\u017ei\u016briu, kad viskas b\u016bt\u0173 atlikta laiku ir taip, kaip planuota. Sprend\u017eiu kilusius klausimus \u010dia ir dabar netrukdant klient\u0173.<\/li>\n<\/ul>\n\n\n\n<p>PAGALBA \u0160VENT\u0116JE IR PO JOS<\/p>\n\n\n\n<ul class=\"wp-block-list\">\n<li>Renginio metu b\u016bnu \u0161alia, koordinuoju, su\u017ei\u016briu paslaug\u0173 tiek\u0117jus, sprend\u017eiu i\u0161kilusius klausimus.<\/li>\n\n\n\n<li>Po renginio galite keliauti namo, visus tvarkymosi r\u016bpes\u010dius palikdami mano komandai. Jei reikia i\u0161ve\u017eiojame tiek\u0117jams nuomot\u0105 inventori\u0173, atlaisviname ir paliekame tvarkingas patalpas\/viet\u0105.<\/li>\n<\/ul>\n","protected":false},"excerpt":{"rendered":"<p>Galime pad\u0117ti suplanuoti bei \u012fgyvendinti j\u016bs\u0173 \u012fmon\u0117s rengin\u012f, pasi\u016blyti paslaug\u0173 tiek\u0117jus, i\u0161skirtines pramogas ir programas. Savo renginiams galite u\u017esakyti tik reikiamas paslaugas arba pasirinkti vis\u0105 paslaug\u0173 paket\u0105 su \u0161vent\u0117s planavimu bei koordinavimu. Paslaugos \u012fmoni\u0173 renginiams Jei organizuojate \u012fmon\u0117s rengin\u012f savaranki\u0161kai, pas mus galima u\u017esakyti tik tas paslaugas, kurios jums reikalingos (neb\u016btina rinktis pilnus \u0161vent\u0117s paketus &hellip;<\/p>\n","protected":false},"author":1,"featured_media":0,"parent":0,"menu_order":0,"comment_status":"closed","ping_status":"closed","template":"","meta":{"ngg_post_thumbnail":0,"footnotes":""},"class_list":["post-1655","page","type-page","status-publish","hentry","no-thumb"],"_links":{"self":[{"href":"https:\/\/svenciunamai.eu\/index.php?rest_route=\/wp\/v2\/pages\/1655","targetHints":{"allow":["GET"]}}],"collection":[{"href":"https:\/\/svenciunamai.eu\/index.php?rest_route=\/wp\/v2\/pages"}],"about":[{"href":"https:\/\/svenciunamai.eu\/index.php?rest_route=\/wp\/v2\/types\/page"}],"author":[{"embeddable":true,"href":"https:\/\/svenciunamai.eu\/index.php?rest_route=\/wp\/v2\/users\/1"}],"replies":[{"embeddable":true,"href":"https:\/\/svenciunamai.eu\/index.php?rest_route=%2Fwp%2Fv2%2Fcomments&post=1655"}],"version-history":[{"count":4,"href":"https:\/\/svenciunamai.eu\/index.php?rest_route=\/wp\/v2\/pages\/1655\/revisions"}],"predecessor-version":[{"id":2585,"href":"https:\/\/svenciunamai.eu\/index.php?rest_route=\/wp\/v2\/pages\/1655\/revisions\/2585"}],"wp:attachment":[{"href":"https:\/\/svenciunamai.eu\/index.php?rest_route=%2Fwp%2Fv2%2Fmedia&parent=1655"}],"curies":[{"name":"wp","href":"https:\/\/api.w.org\/{rel}","templated":true}]}}