{"id":1653,"date":"2024-04-12T14:40:33","date_gmt":"2024-04-12T11:40:33","guid":{"rendered":"https:\/\/svenciunamai.eu\/?page_id=1653"},"modified":"2024-05-08T15:56:31","modified_gmt":"2024-05-08T12:56:31","slug":"isleistuviu-organizavimas","status":"publish","type":"page","link":"https:\/\/svenciunamai.eu\/?page_id=1653","title":{"rendered":"I\u0161leistuvi\u0173 organizavimas"},"content":{"rendered":"\n<p><strong>Mokslin\u0117s i\u0161leistuv\u0117s <\/strong><\/p>\n\n\n\n<ul class=\"wp-block-list\">\n<li>Nepamir\u0161tamos \u012fsp\u016bdingos i\u0161leistuv\u0117s su moksline programa.<\/li>\n\n\n\n<li>90 minu\u010di\u0173 trukm\u0117s speciali programa, skirta dar\u017eelio ar mokyklos i\u0161leistuv\u0117ms.<\/li>\n\n\n\n<li>Program\u0105 sudaro eksperimentai su sausu ledu, slime, spalvoti d\u016bmai, begalyb\u0117 muilo burbul\u0173 ir kitos pramogos.<\/li>\n\n\n\n<li>Programa tinkama iki 20 vaik\u0173.<\/li>\n\n\n\n<li>KAINA 350 eur.<\/li>\n<\/ul>\n\n\n\n<!-- default-view.php -->\n<div\n\tclass=\"ngg-galleryoverview default-view \n\t\t\"\n\tid=\"ngg-gallery-ceafbfffd98090f8ae4e688b2b85085b-1\">\n\n\t\t<!-- Thumbnails -->\n\t\t\t\t<div id=\"ngg-image-0\" class=\"ngg-gallery-thumbnail-box \n\t\t\t\t\t\t\t\t\t\t\t\" \n\t\t\t>\n\t\t\t\t\t\t<div class=\"ngg-gallery-thumbnail\">\n\t\t\t<a href=\"https:\/\/svenciunamai.eu\/wp-content\/gallery\/animatoriu_isleistuves\/isleistuviu_organizavimas_svenciu_namai.jpg\"\n\t\t\t\ttitle=\"\"\n\t\t\t\tdata-src=\"https:\/\/svenciunamai.eu\/wp-content\/gallery\/animatoriu_isleistuves\/isleistuviu_organizavimas_svenciu_namai.jpg\"\n\t\t\t\tdata-thumbnail=\"https:\/\/svenciunamai.eu\/wp-content\/gallery\/animatoriu_isleistuves\/thumbs\/thumbs-isleistuviu_organizavimas_svenciu_namai.jpg\"\n\t\t\t\tdata-image-id=\"125\"\n\t\t\t\tdata-title=\"isleistuviu_organizavimas_svenciu_namai\"\n\t\t\t\tdata-description=\"\"\n\t\t\t\tdata-image-slug=\"isleistuviu_organizavimas_svenciu_namai\"\n\t\t\t\tclass=\"ngg-simplelightbox\" rel=\"ceafbfffd98090f8ae4e688b2b85085b\">\n\t\t\t\t<img\n\t\t\t\t\ttitle=\"isleistuviu_organizavimas_svenciu_namai\"\n\t\t\t\t\talt=\"isleistuviu_organizavimas_svenciu_namai\"\n\t\t\t\t\tsrc=\"https:\/\/svenciunamai.eu\/wp-content\/gallery\/animatoriu_isleistuves\/thumbs\/thumbs-isleistuviu_organizavimas_svenciu_namai.jpg\"\n\t\t\t\t\twidth=\"240\"\n\t\t\t\t\theight=\"160\"\n\t\t\t\t\tstyle=\"max-width:100%;\"\n\t\t\t\t\/>\n\t\t\t<\/a>\n\t\t<\/div>\n\t\t\t\t\t\t\t<\/div> \n\t\t\t\n\t\t\t\t<div id=\"ngg-image-1\" class=\"ngg-gallery-thumbnail-box \n\t\t\t\t\t\t\t\t\t\t\t\" \n\t\t\t>\n\t\t\t\t\t\t<div class=\"ngg-gallery-thumbnail\">\n\t\t\t<a href=\"https:\/\/svenciunamai.eu\/wp-content\/gallery\/animatoriu_isleistuves\/darzelio_isleistuves_animatoriai.jpg\"\n\t\t\t\ttitle=\"\"\n\t\t\t\tdata-src=\"https:\/\/svenciunamai.eu\/wp-content\/gallery\/animatoriu_isleistuves\/darzelio_isleistuves_animatoriai.jpg\"\n\t\t\t\tdata-thumbnail=\"https:\/\/svenciunamai.eu\/wp-content\/gallery\/animatoriu_isleistuves\/thumbs\/thumbs-darzelio_isleistuves_animatoriai.jpg\"\n\t\t\t\tdata-image-id=\"126\"\n\t\t\t\tdata-title=\"darzelio_isleistuves_animatoriai\"\n\t\t\t\tdata-description=\"\"\n\t\t\t\tdata-image-slug=\"darzelio_isleistuves_animatoriai\"\n\t\t\t\tclass=\"ngg-simplelightbox\" rel=\"ceafbfffd98090f8ae4e688b2b85085b\">\n\t\t\t\t<img\n\t\t\t\t\ttitle=\"darzelio_isleistuves_animatoriai\"\n\t\t\t\t\talt=\"darzelio_isleistuves_animatoriai\"\n\t\t\t\t\tsrc=\"https:\/\/svenciunamai.eu\/wp-content\/gallery\/animatoriu_isleistuves\/thumbs\/thumbs-darzelio_isleistuves_animatoriai.jpg\"\n\t\t\t\t\twidth=\"240\"\n\t\t\t\t\theight=\"160\"\n\t\t\t\t\tstyle=\"max-width:100%;\"\n\t\t\t\t\/>\n\t\t\t<\/a>\n\t\t<\/div>\n\t\t\t\t\t\t\t<\/div> \n\t\t\t\n\t\t\t\t<div id=\"ngg-image-2\" class=\"ngg-gallery-thumbnail-box \n\t\t\t\t\t\t\t\t\t\t\t\" \n\t\t\t>\n\t\t\t\t\t\t<div class=\"ngg-gallery-thumbnail\">\n\t\t\t<a href=\"https:\/\/svenciunamai.eu\/wp-content\/gallery\/animatoriu_isleistuves\/animatoriai_isleistuviu_programa.jpg\"\n\t\t\t\ttitle=\"\"\n\t\t\t\tdata-src=\"https:\/\/svenciunamai.eu\/wp-content\/gallery\/animatoriu_isleistuves\/animatoriai_isleistuviu_programa.jpg\"\n\t\t\t\tdata-thumbnail=\"https:\/\/svenciunamai.eu\/wp-content\/gallery\/animatoriu_isleistuves\/thumbs\/thumbs-animatoriai_isleistuviu_programa.jpg\"\n\t\t\t\tdata-image-id=\"127\"\n\t\t\t\tdata-title=\"animatoriai_isleistuviu_programa\"\n\t\t\t\tdata-description=\"\"\n\t\t\t\tdata-image-slug=\"animatoriai_isleistuviu_programa\"\n\t\t\t\tclass=\"ngg-simplelightbox\" rel=\"ceafbfffd98090f8ae4e688b2b85085b\">\n\t\t\t\t<img\n\t\t\t\t\ttitle=\"animatoriai_isleistuviu_programa\"\n\t\t\t\t\talt=\"animatoriai_isleistuviu_programa\"\n\t\t\t\t\tsrc=\"https:\/\/svenciunamai.eu\/wp-content\/gallery\/animatoriu_isleistuves\/thumbs\/thumbs-animatoriai_isleistuviu_programa.jpg\"\n\t\t\t\t\twidth=\"240\"\n\t\t\t\t\theight=\"160\"\n\t\t\t\t\tstyle=\"max-width:100%;\"\n\t\t\t\t\/>\n\t\t\t<\/a>\n\t\t<\/div>\n\t\t\t\t\t\t\t<\/div> \n\t\t\t\n\t\n\t<br style=\"clear: both\" \/>\n\n\t\n\t\t<!-- Pagination -->\n\t\t<div class='ngg-clear'><\/div>\t<\/div>\n\n\n\n\n<p><strong>I\u0161leistuv\u0117s. \u017dygis &#8211; lobio paie\u0161kos<\/strong><\/p>\n\n\n\n<ul class=\"wp-block-list\">\n<li>Nuostabaus gro\u017eio mar\u0161rutas Zameckavo (Vilniaus raj.) apylink\u0117se.<\/li>\n\n\n\n<li>\u012eveiksite 5 km. tras\u0105.<\/li>\n\n\n\n<li>Ie\u0161kosite lobio.<\/li>\n\n\n\n<li>Trasa patogi tuo, kad joje jau yra \u012frengtos pikniko zonos \u2013 staliukai, pav\u0117sin\u0117s, lau\u017eaviet\u0117s, tad labai patogu organizuoti u\u017ekand\u017ei\u0173 laik\u0105 ir pertrauk\u0117les \u017eygiuojant.<\/li>\n\n\n\n<li>KAINA 250 eur. (pasir\u016bpiname trasos su\u017eym\u0117jimu v\u0117liav\u0117l\u0117mis, lobio u\u017euomin\u0173 paruo\u0161imu, lobio pasl\u0117pimu, jei reikia, pristatome j\u016bs\u0173 u\u017ekand\u017eius \u012f poilsio stotel\u0119).<\/li>\n<\/ul>\n\n\n\n<p>Papildomai galime pasir\u016bpinti norimais u\u017ekand\u017eiais, pikniko zon\u0173 paruo\u0161imu, papildomomis pramogomis \u2013 animatoriai, muilo burbulai, ponis, papildomi mediniai ar pripu\u010diami \u017eaidimai-pramogos, edukacijos, cukraus vatos ar sprag\u0117si\u0173 aparatai ir aptarnaujantis personalas ar kt. \u2013 \u0161ios paslaugos \u012f kain\u0105 ne\u012fskai\u010diuotos ir derinamos individualiai, jeigu yra poreikis.<\/p>\n\n\n\n<p>\u012e kain\u0105 ne\u012fskai\u010diuotas lobis, juo galime pagal susitarim\u0105 pasir\u016bpinti mes arba galite paruo\u0161ti vaikams dovan\u0117les j\u016bs patys.<\/p>\n\n\n\n<p>\u017dygio metu lydin\u010dio asmens n\u0117ra, keliaujate pagal rodykles, tad tur\u0117site jauk\u0173 ir smag\u0173 laik\u0105 netrukdomi pa\u0161alini\u0173 \u017emoni\u0173.<\/p>\n\n\n\n<!-- default-view.php -->\n<div\n\tclass=\"ngg-galleryoverview default-view \n\t\t\"\n\tid=\"ngg-gallery-99c9b101493b518ad7d306cd50a88de5-1\">\n\n\t\t<!-- Thumbnails -->\n\t\t\t\t<div id=\"ngg-image-0\" class=\"ngg-gallery-thumbnail-box \n\t\t\t\t\t\t\t\t\t\t\t\" \n\t\t\t>\n\t\t\t\t\t\t<div class=\"ngg-gallery-thumbnail\">\n\t\t\t<a href=\"https:\/\/svenciunamai.eu\/wp-content\/gallery\/zygis_isleistuves\/imoniu_renginiu_organizavimas.jpg\"\n\t\t\t\ttitle=\"\"\n\t\t\t\tdata-src=\"https:\/\/svenciunamai.eu\/wp-content\/gallery\/zygis_isleistuves\/imoniu_renginiu_organizavimas.jpg\"\n\t\t\t\tdata-thumbnail=\"https:\/\/svenciunamai.eu\/wp-content\/gallery\/zygis_isleistuves\/thumbs\/thumbs-imoniu_renginiu_organizavimas.jpg\"\n\t\t\t\tdata-image-id=\"128\"\n\t\t\t\tdata-title=\"imoniu_renginiu_organizavimas\"\n\t\t\t\tdata-description=\"\"\n\t\t\t\tdata-image-slug=\"imoniu_renginiu_organizavimas-1\"\n\t\t\t\tclass=\"ngg-simplelightbox\" rel=\"99c9b101493b518ad7d306cd50a88de5\">\n\t\t\t\t<img\n\t\t\t\t\ttitle=\"imoniu_renginiu_organizavimas\"\n\t\t\t\t\talt=\"imoniu_renginiu_organizavimas\"\n\t\t\t\t\tsrc=\"https:\/\/svenciunamai.eu\/wp-content\/gallery\/zygis_isleistuves\/thumbs\/thumbs-imoniu_renginiu_organizavimas.jpg\"\n\t\t\t\t\twidth=\"240\"\n\t\t\t\t\theight=\"160\"\n\t\t\t\t\tstyle=\"max-width:100%;\"\n\t\t\t\t\/>\n\t\t\t<\/a>\n\t\t<\/div>\n\t\t\t\t\t\t\t<\/div> \n\t\t\t\n\t\t\t\t<div id=\"ngg-image-1\" class=\"ngg-gallery-thumbnail-box \n\t\t\t\t\t\t\t\t\t\t\t\" \n\t\t\t>\n\t\t\t\t\t\t<div class=\"ngg-gallery-thumbnail\">\n\t\t\t<a href=\"https:\/\/svenciunamai.eu\/wp-content\/gallery\/zygis_isleistuves\/Vasaros_pramogos_vaikams.jpg\"\n\t\t\t\ttitle=\"\"\n\t\t\t\tdata-src=\"https:\/\/svenciunamai.eu\/wp-content\/gallery\/zygis_isleistuves\/Vasaros_pramogos_vaikams.jpg\"\n\t\t\t\tdata-thumbnail=\"https:\/\/svenciunamai.eu\/wp-content\/gallery\/zygis_isleistuves\/thumbs\/thumbs-Vasaros_pramogos_vaikams.jpg\"\n\t\t\t\tdata-image-id=\"129\"\n\t\t\t\tdata-title=\"Vasaros_pramogos_vaikams\"\n\t\t\t\tdata-description=\"\"\n\t\t\t\tdata-image-slug=\"vasaros_pramogos_vaikams-1\"\n\t\t\t\tclass=\"ngg-simplelightbox\" rel=\"99c9b101493b518ad7d306cd50a88de5\">\n\t\t\t\t<img\n\t\t\t\t\ttitle=\"Vasaros_pramogos_vaikams\"\n\t\t\t\t\talt=\"Vasaros_pramogos_vaikams\"\n\t\t\t\t\tsrc=\"https:\/\/svenciunamai.eu\/wp-content\/gallery\/zygis_isleistuves\/thumbs\/thumbs-Vasaros_pramogos_vaikams.jpg\"\n\t\t\t\t\twidth=\"240\"\n\t\t\t\t\theight=\"160\"\n\t\t\t\t\tstyle=\"max-width:100%;\"\n\t\t\t\t\/>\n\t\t\t<\/a>\n\t\t<\/div>\n\t\t\t\t\t\t\t<\/div> \n\t\t\t\n\t\t\t\t<div id=\"ngg-image-2\" class=\"ngg-gallery-thumbnail-box \n\t\t\t\t\t\t\t\t\t\t\t\" \n\t\t\t>\n\t\t\t\t\t\t<div class=\"ngg-gallery-thumbnail\">\n\t\t\t<a href=\"https:\/\/svenciunamai.eu\/wp-content\/gallery\/zygis_isleistuves\/zygiu_organizavimas.jpg\"\n\t\t\t\ttitle=\"\"\n\t\t\t\tdata-src=\"https:\/\/svenciunamai.eu\/wp-content\/gallery\/zygis_isleistuves\/zygiu_organizavimas.jpg\"\n\t\t\t\tdata-thumbnail=\"https:\/\/svenciunamai.eu\/wp-content\/gallery\/zygis_isleistuves\/thumbs\/thumbs-zygiu_organizavimas.jpg\"\n\t\t\t\tdata-image-id=\"130\"\n\t\t\t\tdata-title=\"zygiu_organizavimas\"\n\t\t\t\tdata-description=\"\"\n\t\t\t\tdata-image-slug=\"zygiu_organizavimas-1\"\n\t\t\t\tclass=\"ngg-simplelightbox\" rel=\"99c9b101493b518ad7d306cd50a88de5\">\n\t\t\t\t<img\n\t\t\t\t\ttitle=\"zygiu_organizavimas\"\n\t\t\t\t\talt=\"zygiu_organizavimas\"\n\t\t\t\t\tsrc=\"https:\/\/svenciunamai.eu\/wp-content\/gallery\/zygis_isleistuves\/thumbs\/thumbs-zygiu_organizavimas.jpg\"\n\t\t\t\t\twidth=\"240\"\n\t\t\t\t\theight=\"160\"\n\t\t\t\t\tstyle=\"max-width:100%;\"\n\t\t\t\t\/>\n\t\t\t<\/a>\n\t\t<\/div>\n\t\t\t\t\t\t\t<\/div> \n\t\t\t\n\t\n\t<br style=\"clear: both\" \/>\n\n\t\n\t\t<!-- Pagination -->\n\t\t<div class='ngg-clear'><\/div>\t<\/div>\n\n\n\n\n<p><strong>Pirat\u0173 lobis<\/strong><\/p>\n\n\n<div class=\"wp-block-image\">\n<figure class=\"alignright size-full is-resized\"><img fetchpriority=\"high\" decoding=\"async\" width=\"916\" height=\"680\" src=\"https:\/\/svenciunamai.eu\/wp-content\/uploads\/2024\/04\/piratai.jpg\" alt=\"\" class=\"wp-image-2119\" style=\"width:206px;height:auto\" srcset=\"https:\/\/svenciunamai.eu\/wp-content\/uploads\/2024\/04\/piratai.jpg 916w, https:\/\/svenciunamai.eu\/wp-content\/uploads\/2024\/04\/piratai-300x223.jpg 300w, https:\/\/svenciunamai.eu\/wp-content\/uploads\/2024\/04\/piratai-768x570.jpg 768w, https:\/\/svenciunamai.eu\/wp-content\/uploads\/2024\/04\/piratai-418x310.jpg 418w\" sizes=\"(max-width: 916px) 100vw, 916px\" \/><\/figure>\n<\/div>\n\n\n<ul class=\"wp-block-list\">\n<li>50-60 min. trukm\u0117s speciali programa, skirta dar\u017eelio ar mokyklos i\u0161leistuv\u0117ms.<\/li>\n\n\n\n<li>\u0160okiai, \u017eaidimai ir pasl\u0117ptas lobis!<\/li>\n\n\n\n<li>\u012e \u0161vent\u0119 atvyksta du piratai.<\/li>\n\n\n\n<li>\u012e kain\u0105 jau \u012fskai\u010diuotas lobis \u2013 saldaini\u0173 pilna medin\u0117 skrynia (28 cm x 20 cm x 20 cm, apie 40-50 saldaini\u0173).<\/li>\n\n\n\n<li>Programa tinkama iki 25 vaik\u0173.<\/li>\n\n\n\n<li>KAINA \u2013 150 eur.<\/li>\n<\/ul>\n\n\n\n<p><\/p>\n\n\n\n<p><strong>\u0160\u0117lion\u0117s su animatoriumi<\/strong><\/p>\n\n\n<div class=\"wp-block-image\">\n<figure class=\"alignright size-full is-resized\"><img decoding=\"async\" width=\"494\" height=\"664\" src=\"https:\/\/svenciunamai.eu\/wp-content\/uploads\/2024\/04\/Zmogus_voras.jpg\" alt=\"\" class=\"wp-image-2120\" style=\"width:168px;height:auto\" srcset=\"https:\/\/svenciunamai.eu\/wp-content\/uploads\/2024\/04\/Zmogus_voras.jpg 494w, https:\/\/svenciunamai.eu\/wp-content\/uploads\/2024\/04\/Zmogus_voras-223x300.jpg 223w, https:\/\/svenciunamai.eu\/wp-content\/uploads\/2024\/04\/Zmogus_voras-418x562.jpg 418w\" sizes=\"(max-width: 494px) 100vw, 494px\" \/><\/figure>\n<\/div>\n\n\n<ul class=\"wp-block-list\">\n<li>35-40 min. trukm\u0117s speciali programa, skirta dar\u017eelio ar mokyklos i\u0161leistuv\u0117ms.<\/li>\n\n\n\n<li>Vienas animatorius, aktyvi mank\u0161ta, rungtys ir \u0161oki\u0173 maratonas.<\/li>\n\n\n\n<li>Kartu su savimi atsive\u017eame mobili\u0105 kolon\u0117l\u0119 ir mikrofon\u0105.<\/li>\n\n\n\n<li>Programa tinkama iki 100 vaik\u0173.<\/li>\n\n\n\n<li>KAINA &#8211; 100 eur<\/li>\n<\/ul>\n\n\n\n<p><\/p>\n\n\n\n<p><strong>Ateiviuki\u0173 programa<\/strong><\/p>\n\n\n<div class=\"wp-block-image\">\n<figure class=\"alignright size-full is-resized\"><img decoding=\"async\" width=\"431\" height=\"648\" src=\"https:\/\/svenciunamai.eu\/wp-content\/uploads\/2024\/04\/ateiviu_isleistuves_mokykloms.jpg\" alt=\"\" class=\"wp-image-2121\" style=\"width:167px;height:auto\" srcset=\"https:\/\/svenciunamai.eu\/wp-content\/uploads\/2024\/04\/ateiviu_isleistuves_mokykloms.jpg 431w, https:\/\/svenciunamai.eu\/wp-content\/uploads\/2024\/04\/ateiviu_isleistuves_mokykloms-200x300.jpg 200w, https:\/\/svenciunamai.eu\/wp-content\/uploads\/2024\/04\/ateiviu_isleistuves_mokykloms-418x628.jpg 418w\" sizes=\"(max-width: 431px) 100vw, 431px\" \/><\/figure>\n<\/div>\n\n\n<ul class=\"wp-block-list\">\n<li>60 min. trukm\u0117s speciali programa, skirta dar\u017eelio ar mokyklos i\u0161leistuv\u0117ms.<\/li>\n\n\n\n<li>Du animatoriai, \u0161okiai, estafet\u0117s ir dideli\u0173 muilo burbul\u0173 fiesta! Pastaba: esant blogiems orams ir negalint \u0161ventei vykti lauke, muilo burbulus kei\u010diame kita veikla, pvz. balion\u0173 lankstymu.<\/li>\n\n\n\n<li>Programa tinkama iki 25 vaik\u0173. <\/li>\n\n\n\n<li>KAINA &#8211; 150 eur<\/li>\n<\/ul>\n","protected":false},"excerpt":{"rendered":"<p>Mokslin\u0117s i\u0161leistuv\u0117s I\u0161leistuv\u0117s. \u017dygis &#8211; lobio paie\u0161kos Papildomai galime pasir\u016bpinti norimais u\u017ekand\u017eiais, pikniko zon\u0173 paruo\u0161imu, papildomomis pramogomis \u2013 animatoriai, muilo burbulai, ponis, papildomi mediniai ar pripu\u010diami \u017eaidimai-pramogos, edukacijos, cukraus vatos ar sprag\u0117si\u0173 aparatai ir aptarnaujantis personalas ar kt. \u2013 \u0161ios paslaugos \u012f kain\u0105 ne\u012fskai\u010diuotos ir derinamos individualiai, jeigu yra poreikis. \u012e kain\u0105 ne\u012fskai\u010diuotas lobis, juo &hellip;<\/p>\n","protected":false},"author":1,"featured_media":0,"parent":0,"menu_order":0,"comment_status":"closed","ping_status":"closed","template":"","meta":{"ngg_post_thumbnail":0,"footnotes":""},"class_list":["post-1653","page","type-page","status-publish","hentry","no-thumb"],"_links":{"self":[{"href":"https:\/\/svenciunamai.eu\/index.php?rest_route=\/wp\/v2\/pages\/1653","targetHints":{"allow":["GET"]}}],"collection":[{"href":"https:\/\/svenciunamai.eu\/index.php?rest_route=\/wp\/v2\/pages"}],"about":[{"href":"https:\/\/svenciunamai.eu\/index.php?rest_route=\/wp\/v2\/types\/page"}],"author":[{"embeddable":true,"href":"https:\/\/svenciunamai.eu\/index.php?rest_route=\/wp\/v2\/users\/1"}],"replies":[{"embeddable":true,"href":"https:\/\/svenciunamai.eu\/index.php?rest_route=%2Fwp%2Fv2%2Fcomments&post=1653"}],"version-history":[{"count":24,"href":"https:\/\/svenciunamai.eu\/index.php?rest_route=\/wp\/v2\/pages\/1653\/revisions"}],"predecessor-version":[{"id":2615,"href":"https:\/\/svenciunamai.eu\/index.php?rest_route=\/wp\/v2\/pages\/1653\/revisions\/2615"}],"wp:attachment":[{"href":"https:\/\/svenciunamai.eu\/index.php?rest_route=%2Fwp%2Fv2%2Fmedia&parent=1653"}],"curies":[{"name":"wp","href":"https:\/\/api.w.org\/{rel}","templated":true}]}}