{"id":1633,"date":"2024-04-12T14:06:13","date_gmt":"2024-04-12T11:06:13","guid":{"rendered":"https:\/\/svenciunamai.eu\/?page_id=1633"},"modified":"2024-05-08T14:55:41","modified_gmt":"2024-05-08T11:55:41","slug":"krikstynu-organizavimas","status":"publish","type":"page","link":"https:\/\/svenciunamai.eu\/?page_id=1633","title":{"rendered":"Krik\u0161tyn\u0173 organizavimas"},"content":{"rendered":"\n<p><strong>Paslaugos krik\u0161tynoms<\/strong><\/p>\n\n\n\n<p>Krik\u0161tynos svarbi \u0161vent\u0117 vaiko gyvenime, tad norisi, kad ji b\u016bt\u0173 ypatinga &#8211; mielai pad\u0117sime suplanuoti bei \u012fgyvendinti visk\u0105 iki ma\u017eiausi\u0173 smulkmen\u0173. Galime pasi\u016blyti krik\u0161tyn\u0173 organizavim\u0105 bei koordinavim\u0105 arba jei krik\u0161tynas organizuojate savaranki\u0161kai, pas mus galite u\u017esakyti tik tas paslaugas, kurios reikalingos j\u016bs\u0173 \u0161ventei (neb\u016btina rinktis pilnus \u0161vent\u0117s paketus ar pirkti organizavimo bei koordinavimo paslaugas). Reikalingi maisto tiek\u0117jai, batutai, animatoriai ar kit\u0173 paslaug\u0173 tiek\u0117jai? Puiku, turime patikimus partnerius, mielai pateiksime pasi\u016blym\u0105 atitinkant\u012f j\u016bs\u0173 poreikius.<\/p>\n\n\n<div class=\"wp-block-image\">\n<figure class=\"alignright size-large is-resized\"><img fetchpriority=\"high\" decoding=\"async\" width=\"1024\" height=\"532\" src=\"https:\/\/svenciunamai.eu\/wp-content\/uploads\/2024\/05\/krikstynu_organizavimas_vilniuje-1024x532.jpg\" alt=\"\" class=\"wp-image-2362\" style=\"width:471px;height:auto\" srcset=\"https:\/\/svenciunamai.eu\/wp-content\/uploads\/2024\/05\/krikstynu_organizavimas_vilniuje-1024x532.jpg 1024w, https:\/\/svenciunamai.eu\/wp-content\/uploads\/2024\/05\/krikstynu_organizavimas_vilniuje-300x156.jpg 300w, https:\/\/svenciunamai.eu\/wp-content\/uploads\/2024\/05\/krikstynu_organizavimas_vilniuje-768x399.jpg 768w, https:\/\/svenciunamai.eu\/wp-content\/uploads\/2024\/05\/krikstynu_organizavimas_vilniuje-1536x799.jpg 1536w, https:\/\/svenciunamai.eu\/wp-content\/uploads\/2024\/05\/krikstynu_organizavimas_vilniuje-2048x1065.jpg 2048w, https:\/\/svenciunamai.eu\/wp-content\/uploads\/2024\/05\/krikstynu_organizavimas_vilniuje-418x217.jpg 418w\" sizes=\"(max-width: 1024px) 100vw, 1024px\" \/><\/figure>\n<\/div>\n\n\n<p><strong>Krik\u0161tyn\u0173 organizavimas ir koordinavimas<\/strong><\/p>\n\n\n\n<p>Galime pad\u0117ti suplanuoti bei \u012fgyvendinti \u012fvairias \u0161ventes bei renginius. \u0160vent\u0117s organizavimas ir koordinavimas susideda i\u0161 trij\u0173 etap\u0173, tad galite rinktis tik tas dalis, kurios jums aktualios arba u\u017esakyti vis\u0105 paslaug\u0173 paket\u0105.<\/p>\n\n\n\n<p>\u0160VENT\u0116S PLANAVIMAS<\/p>\n\n\n\n<ul class=\"wp-block-list\">\n<li>Kartu su klientu aptariame b\u016bsim\u0105 \u0161vent\u0119, i\u0161siai\u0161kiname vizij\u0105, aptar\u0117me koncept\u0105 ir biud\u017eet\u0105.<\/li>\n\n\n\n<li>Surandu paslaug\u0173 tiek\u0117jus, pateikiu j\u0173 pasi\u016blymus bei s\u0105mat\u0105.<\/li>\n\n\n\n<li>Paruo\u0161iu \u0161vent\u0117s plan\u0105<\/li>\n\n\n\n<li>Sud\u0117lioju paslaug\u0173 tiek\u0117j\u0173 atvykimo laikus, su jais kontaktuoju ir derinu visas smulkmenas (priva\u017eiavimo klausimai, elektros pasiekiamumo ir galios klausimus, kito paslaug\u0173 tiek\u0117jams reikalingo inventoriaus u\u017esakymus ir kt.).<\/li>\n<\/ul>\n\n\n<div class=\"wp-block-image\">\n<figure class=\"alignright size-large is-resized\"><img decoding=\"async\" width=\"1024\" height=\"683\" src=\"https:\/\/svenciunamai.eu\/wp-content\/uploads\/2024\/05\/Krikstynu_organizavimas_ir_koordinavimas-1024x683.jpg\" alt=\"\" class=\"wp-image-2361\" style=\"width:331px;height:auto\" srcset=\"https:\/\/svenciunamai.eu\/wp-content\/uploads\/2024\/05\/Krikstynu_organizavimas_ir_koordinavimas-1024x683.jpg 1024w, https:\/\/svenciunamai.eu\/wp-content\/uploads\/2024\/05\/Krikstynu_organizavimas_ir_koordinavimas-300x200.jpg 300w, https:\/\/svenciunamai.eu\/wp-content\/uploads\/2024\/05\/Krikstynu_organizavimas_ir_koordinavimas-768x512.jpg 768w, https:\/\/svenciunamai.eu\/wp-content\/uploads\/2024\/05\/Krikstynu_organizavimas_ir_koordinavimas-1536x1024.jpg 1536w, https:\/\/svenciunamai.eu\/wp-content\/uploads\/2024\/05\/Krikstynu_organizavimas_ir_koordinavimas-2048x1366.jpg 2048w, https:\/\/svenciunamai.eu\/wp-content\/uploads\/2024\/05\/Krikstynu_organizavimas_ir_koordinavimas-418x279.jpg 418w\" sizes=\"(max-width: 1024px) 100vw, 1024px\" \/><\/figure>\n<\/div>\n\n\n<p>KOORDINAVIMAS<\/p>\n\n\n\n<ul class=\"wp-block-list\">\n<li>\u0160vent\u0117s dien\u0105 vykstu \u012f viet\u0105, laukiu tiek\u0117j\u0173, su\u017ei\u016briu, kad viskas b\u016bt\u0173 atlikta laiku ir taip, kaip planuota. Sprend\u017eiu kilusius klausimus \u010dia ir dabar netrukdant klient\u0173.<\/li>\n\n\n\n<li>Papildomai susitarus galiu pristatyti u\u017esakytus daiktus \u2013 spauda, desertai, pramogoms skirtas inventorius ir t.t.<\/li>\n<\/ul>\n\n\n\n<p>PAGALBA \u0160VENT\u0116JE IR PO JOS<\/p>\n\n\n\n<ul class=\"wp-block-list\">\n<li>\u0160vent\u0117s metu b\u016bnu \u0161alia, koordinuoju, su\u017ei\u016briu paslaug\u0173 tiek\u0117jus, sprend\u017eiu i\u0161kilusius klausimus.<\/li>\n\n\n\n<li>Po \u0161vent\u0117s galite keliauti namo, visus tvarkymosi r\u016bpes\u010dius palikdami mano komandai. Jei reikia i\u0161ve\u017eiojame tiek\u0117jams nuomot\u0105 inventori\u0173, atlaisviname ir paliekame tvarkingas patalpas\/viet\u0105.<\/li>\n<\/ul>\n\n\n\n<p>Krik\u0161tyn\u0173 organizavimo kaina nuo 200 eur.<\/p>\n","protected":false},"excerpt":{"rendered":"<p>Paslaugos krik\u0161tynoms Krik\u0161tynos svarbi \u0161vent\u0117 vaiko gyvenime, tad norisi, kad ji b\u016bt\u0173 ypatinga &#8211; mielai pad\u0117sime suplanuoti bei \u012fgyvendinti visk\u0105 iki ma\u017eiausi\u0173 smulkmen\u0173. Galime pasi\u016blyti krik\u0161tyn\u0173 organizavim\u0105 bei koordinavim\u0105 arba jei krik\u0161tynas organizuojate savaranki\u0161kai, pas mus galite u\u017esakyti tik tas paslaugas, kurios reikalingos j\u016bs\u0173 \u0161ventei (neb\u016btina rinktis pilnus \u0161vent\u0117s paketus ar pirkti organizavimo bei koordinavimo &hellip;<\/p>\n","protected":false},"author":1,"featured_media":0,"parent":0,"menu_order":0,"comment_status":"closed","ping_status":"closed","template":"","meta":{"ngg_post_thumbnail":0,"footnotes":""},"class_list":["post-1633","page","type-page","status-publish","hentry","no-thumb"],"_links":{"self":[{"href":"https:\/\/svenciunamai.eu\/index.php?rest_route=\/wp\/v2\/pages\/1633","targetHints":{"allow":["GET"]}}],"collection":[{"href":"https:\/\/svenciunamai.eu\/index.php?rest_route=\/wp\/v2\/pages"}],"about":[{"href":"https:\/\/svenciunamai.eu\/index.php?rest_route=\/wp\/v2\/types\/page"}],"author":[{"embeddable":true,"href":"https:\/\/svenciunamai.eu\/index.php?rest_route=\/wp\/v2\/users\/1"}],"replies":[{"embeddable":true,"href":"https:\/\/svenciunamai.eu\/index.php?rest_route=%2Fwp%2Fv2%2Fcomments&post=1633"}],"version-history":[{"count":4,"href":"https:\/\/svenciunamai.eu\/index.php?rest_route=\/wp\/v2\/pages\/1633\/revisions"}],"predecessor-version":[{"id":2580,"href":"https:\/\/svenciunamai.eu\/index.php?rest_route=\/wp\/v2\/pages\/1633\/revisions\/2580"}],"wp:attachment":[{"href":"https:\/\/svenciunamai.eu\/index.php?rest_route=%2Fwp%2Fv2%2Fmedia&parent=1633"}],"curies":[{"name":"wp","href":"https:\/\/api.w.org\/{rel}","templated":true}]}}