{"id":1478,"date":"2023-03-14T12:45:21","date_gmt":"2023-03-14T10:45:21","guid":{"rendered":"https:\/\/svenciunamai.eu\/?page_id=1478"},"modified":"2024-05-08T16:04:54","modified_gmt":"2024-05-08T13:04:54","slug":"makiazo-vakarelis","status":"publish","type":"page","link":"https:\/\/svenciunamai.eu\/?page_id=1478","title":{"rendered":"Makia\u017eo vakar\u0117lis"},"content":{"rendered":"\n<p>MERGIN\u0172 ESTETIKOS AKADEMIJA Tavo gimtadienyje!!!<\/p>\n\n\n\n<p>Si\u016blome i\u0161skirtin\u0119 mergaiti\u0161ko gimtadienio program\u0105!<\/p>\n\n\n\n<p>Net 2 val. skirtos mergaiti\u0161kiems pokalbiams apie veido od\u0105, kaip j\u0105 valyt, pri\u017ei\u016br\u0117t, koks makia\u017eas tinka kasdienai, o koks vakarui. Dalyv\u0117s i\u0161moks pasidaryti piln\u0105 makia\u017e\u0105, kalb\u0117s apie mad\u0105, dizainerius ir dress kodus! Vakaro pabaigoje laukia fotosesija su neribotu kiekiu nuotrauk\u0173.<\/p>\n\n\n\n<p>Naudosime profesionali\u0105, ekologi\u0161k\u0105, jaunimo linijos Golden Rose kosmetik\u0105.<\/p>\n\n\n\n<p>Kaina iki 10 \u017emoni\u0173 300 eur. \u012e kain\u0105 \u012fskai\u010diuota fotosesija. Papildomai skai\u010diuojama atvykimo kaina. Papildomas \u017emogus 35 eur.<\/p>\n\n\n\n<!-- default-view.php -->\n<div\n\tclass=\"ngg-galleryoverview default-view \n\t\t\"\n\tid=\"ngg-gallery-3909ef6e61b895f281a299d9f909e6bd-1\">\n\n\t\t<!-- Thumbnails -->\n\t\t\t\t<div id=\"ngg-image-0\" class=\"ngg-gallery-thumbnail-box \n\t\t\t\t\t\t\t\t\t\t\t\" \n\t\t\t>\n\t\t\t\t\t\t<div class=\"ngg-gallery-thumbnail\">\n\t\t\t<a href=\"https:\/\/svenciunamai.eu\/wp-content\/gallery\/makiazo_vakarelis\/gimtadienis_mergaitems.jpg\"\n\t\t\t\ttitle=\"\"\n\t\t\t\tdata-src=\"https:\/\/svenciunamai.eu\/wp-content\/gallery\/makiazo_vakarelis\/gimtadienis_mergaitems.jpg\"\n\t\t\t\tdata-thumbnail=\"https:\/\/svenciunamai.eu\/wp-content\/gallery\/makiazo_vakarelis\/thumbs\/thumbs-gimtadienis_mergaitems.jpg\"\n\t\t\t\tdata-image-id=\"131\"\n\t\t\t\tdata-title=\"gimtadienis_mergaitems\"\n\t\t\t\tdata-description=\"\"\n\t\t\t\tdata-image-slug=\"gimtadienis_mergaitems\"\n\t\t\t\tclass=\"ngg-simplelightbox\" rel=\"3909ef6e61b895f281a299d9f909e6bd\">\n\t\t\t\t<img\n\t\t\t\t\ttitle=\"gimtadienis_mergaitems\"\n\t\t\t\t\talt=\"gimtadienis_mergaitems\"\n\t\t\t\t\tsrc=\"https:\/\/svenciunamai.eu\/wp-content\/gallery\/makiazo_vakarelis\/thumbs\/thumbs-gimtadienis_mergaitems.jpg\"\n\t\t\t\t\twidth=\"240\"\n\t\t\t\t\theight=\"160\"\n\t\t\t\t\tstyle=\"max-width:100%;\"\n\t\t\t\t\/>\n\t\t\t<\/a>\n\t\t<\/div>\n\t\t\t\t\t\t\t<\/div> \n\t\t\t\n\t\t\t\t<div id=\"ngg-image-1\" class=\"ngg-gallery-thumbnail-box \n\t\t\t\t\t\t\t\t\t\t\t\" \n\t\t\t>\n\t\t\t\t\t\t<div class=\"ngg-gallery-thumbnail\">\n\t\t\t<a href=\"https:\/\/svenciunamai.eu\/wp-content\/gallery\/makiazo_vakarelis\/mergaiciu_gimtadieniai_vilniuje.jpeg\"\n\t\t\t\ttitle=\"\"\n\t\t\t\tdata-src=\"https:\/\/svenciunamai.eu\/wp-content\/gallery\/makiazo_vakarelis\/mergaiciu_gimtadieniai_vilniuje.jpeg\"\n\t\t\t\tdata-thumbnail=\"https:\/\/svenciunamai.eu\/wp-content\/gallery\/makiazo_vakarelis\/thumbs\/thumbs-mergaiciu_gimtadieniai_vilniuje.jpeg\"\n\t\t\t\tdata-image-id=\"132\"\n\t\t\t\tdata-title=\"mergaiciu_gimtadieniai_vilniuje\"\n\t\t\t\tdata-description=\"\"\n\t\t\t\tdata-image-slug=\"mergaiciu_gimtadieniai_vilniuje\"\n\t\t\t\tclass=\"ngg-simplelightbox\" rel=\"3909ef6e61b895f281a299d9f909e6bd\">\n\t\t\t\t<img\n\t\t\t\t\ttitle=\"mergaiciu_gimtadieniai_vilniuje\"\n\t\t\t\t\talt=\"mergaiciu_gimtadieniai_vilniuje\"\n\t\t\t\t\tsrc=\"https:\/\/svenciunamai.eu\/wp-content\/gallery\/makiazo_vakarelis\/thumbs\/thumbs-mergaiciu_gimtadieniai_vilniuje.jpeg\"\n\t\t\t\t\twidth=\"240\"\n\t\t\t\t\theight=\"160\"\n\t\t\t\t\tstyle=\"max-width:100%;\"\n\t\t\t\t\/>\n\t\t\t<\/a>\n\t\t<\/div>\n\t\t\t\t\t\t\t<\/div> \n\t\t\t\n\t\t\t\t<div id=\"ngg-image-2\" class=\"ngg-gallery-thumbnail-box \n\t\t\t\t\t\t\t\t\t\t\t\" \n\t\t\t>\n\t\t\t\t\t\t<div class=\"ngg-gallery-thumbnail\">\n\t\t\t<a href=\"https:\/\/svenciunamai.eu\/wp-content\/gallery\/makiazo_vakarelis\/mergaiciu_grozio_vakaras_gimtadienis.jpeg\"\n\t\t\t\ttitle=\"\"\n\t\t\t\tdata-src=\"https:\/\/svenciunamai.eu\/wp-content\/gallery\/makiazo_vakarelis\/mergaiciu_grozio_vakaras_gimtadienis.jpeg\"\n\t\t\t\tdata-thumbnail=\"https:\/\/svenciunamai.eu\/wp-content\/gallery\/makiazo_vakarelis\/thumbs\/thumbs-mergaiciu_grozio_vakaras_gimtadienis.jpeg\"\n\t\t\t\tdata-image-id=\"133\"\n\t\t\t\tdata-title=\"mergaiciu_grozio_vakaras_gimtadienis\"\n\t\t\t\tdata-description=\"\"\n\t\t\t\tdata-image-slug=\"mergaiciu_grozio_vakaras_gimtadienis\"\n\t\t\t\tclass=\"ngg-simplelightbox\" rel=\"3909ef6e61b895f281a299d9f909e6bd\">\n\t\t\t\t<img\n\t\t\t\t\ttitle=\"mergaiciu_grozio_vakaras_gimtadienis\"\n\t\t\t\t\talt=\"mergaiciu_grozio_vakaras_gimtadienis\"\n\t\t\t\t\tsrc=\"https:\/\/svenciunamai.eu\/wp-content\/gallery\/makiazo_vakarelis\/thumbs\/thumbs-mergaiciu_grozio_vakaras_gimtadienis.jpeg\"\n\t\t\t\t\twidth=\"240\"\n\t\t\t\t\theight=\"160\"\n\t\t\t\t\tstyle=\"max-width:100%;\"\n\t\t\t\t\/>\n\t\t\t<\/a>\n\t\t<\/div>\n\t\t\t\t\t\t\t<\/div> \n\t\t\t\n\t\t\t\t<div id=\"ngg-image-3\" class=\"ngg-gallery-thumbnail-box \n\t\t\t\t\t\t\t\t\t\t\t\" \n\t\t\t>\n\t\t\t\t\t\t<div class=\"ngg-gallery-thumbnail\">\n\t\t\t<a href=\"https:\/\/svenciunamai.eu\/wp-content\/gallery\/makiazo_vakarelis\/Makiazas_mergaitems_gimtadienio_paslaugos.jpg\"\n\t\t\t\ttitle=\"\"\n\t\t\t\tdata-src=\"https:\/\/svenciunamai.eu\/wp-content\/gallery\/makiazo_vakarelis\/Makiazas_mergaitems_gimtadienio_paslaugos.jpg\"\n\t\t\t\tdata-thumbnail=\"https:\/\/svenciunamai.eu\/wp-content\/gallery\/makiazo_vakarelis\/thumbs\/thumbs-Makiazas_mergaitems_gimtadienio_paslaugos.jpg\"\n\t\t\t\tdata-image-id=\"134\"\n\t\t\t\tdata-title=\"Makiazas_mergaitems_gimtadienio_paslaugos\"\n\t\t\t\tdata-description=\"\"\n\t\t\t\tdata-image-slug=\"makiazas_mergaitems_gimtadienio_paslaugos\"\n\t\t\t\tclass=\"ngg-simplelightbox\" rel=\"3909ef6e61b895f281a299d9f909e6bd\">\n\t\t\t\t<img\n\t\t\t\t\ttitle=\"Makiazas_mergaitems_gimtadienio_paslaugos\"\n\t\t\t\t\talt=\"Makiazas_mergaitems_gimtadienio_paslaugos\"\n\t\t\t\t\tsrc=\"https:\/\/svenciunamai.eu\/wp-content\/gallery\/makiazo_vakarelis\/thumbs\/thumbs-Makiazas_mergaitems_gimtadienio_paslaugos.jpg\"\n\t\t\t\t\twidth=\"240\"\n\t\t\t\t\theight=\"160\"\n\t\t\t\t\tstyle=\"max-width:100%;\"\n\t\t\t\t\/>\n\t\t\t<\/a>\n\t\t<\/div>\n\t\t\t\t\t\t\t<\/div> \n\t\t\t\n\t\t\t\t<div id=\"ngg-image-4\" class=\"ngg-gallery-thumbnail-box \n\t\t\t\t\t\t\t\t\t\t\t\" \n\t\t\t>\n\t\t\t\t\t\t<div class=\"ngg-gallery-thumbnail\">\n\t\t\t<a href=\"https:\/\/svenciunamai.eu\/wp-content\/gallery\/makiazo_vakarelis\/806EE15A-8AE8-453B-BCB4-9EED8BD3E891.jpeg\"\n\t\t\t\ttitle=\"\"\n\t\t\t\tdata-src=\"https:\/\/svenciunamai.eu\/wp-content\/gallery\/makiazo_vakarelis\/806EE15A-8AE8-453B-BCB4-9EED8BD3E891.jpeg\"\n\t\t\t\tdata-thumbnail=\"https:\/\/svenciunamai.eu\/wp-content\/gallery\/makiazo_vakarelis\/thumbs\/thumbs-806EE15A-8AE8-453B-BCB4-9EED8BD3E891.jpeg\"\n\t\t\t\tdata-image-id=\"135\"\n\t\t\t\tdata-title=\"806EE15A-8AE8-453B-BCB4-9EED8BD3E891\"\n\t\t\t\tdata-description=\"\"\n\t\t\t\tdata-image-slug=\"806ee15a-8ae8-453b-bcb4-9eed8bd3e891\"\n\t\t\t\tclass=\"ngg-simplelightbox\" rel=\"3909ef6e61b895f281a299d9f909e6bd\">\n\t\t\t\t<img\n\t\t\t\t\ttitle=\"806EE15A-8AE8-453B-BCB4-9EED8BD3E891\"\n\t\t\t\t\talt=\"806EE15A-8AE8-453B-BCB4-9EED8BD3E891\"\n\t\t\t\t\tsrc=\"https:\/\/svenciunamai.eu\/wp-content\/gallery\/makiazo_vakarelis\/thumbs\/thumbs-806EE15A-8AE8-453B-BCB4-9EED8BD3E891.jpeg\"\n\t\t\t\t\twidth=\"240\"\n\t\t\t\t\theight=\"160\"\n\t\t\t\t\tstyle=\"max-width:100%;\"\n\t\t\t\t\/>\n\t\t\t<\/a>\n\t\t<\/div>\n\t\t\t\t\t\t\t<\/div> \n\t\t\t\n\t\t\t\t<div id=\"ngg-image-5\" class=\"ngg-gallery-thumbnail-box \n\t\t\t\t\t\t\t\t\t\t\t\" \n\t\t\t>\n\t\t\t\t\t\t<div class=\"ngg-gallery-thumbnail\">\n\t\t\t<a href=\"https:\/\/svenciunamai.eu\/wp-content\/gallery\/makiazo_vakarelis\/6E3EC6EB-C41D-437B-A8AB-9D2D011E4F1C.jpeg\"\n\t\t\t\ttitle=\"\"\n\t\t\t\tdata-src=\"https:\/\/svenciunamai.eu\/wp-content\/gallery\/makiazo_vakarelis\/6E3EC6EB-C41D-437B-A8AB-9D2D011E4F1C.jpeg\"\n\t\t\t\tdata-thumbnail=\"https:\/\/svenciunamai.eu\/wp-content\/gallery\/makiazo_vakarelis\/thumbs\/thumbs-6E3EC6EB-C41D-437B-A8AB-9D2D011E4F1C.jpeg\"\n\t\t\t\tdata-image-id=\"136\"\n\t\t\t\tdata-title=\"6E3EC6EB-C41D-437B-A8AB-9D2D011E4F1C\"\n\t\t\t\tdata-description=\"\"\n\t\t\t\tdata-image-slug=\"6e3ec6eb-c41d-437b-a8ab-9d2d011e4f1c\"\n\t\t\t\tclass=\"ngg-simplelightbox\" rel=\"3909ef6e61b895f281a299d9f909e6bd\">\n\t\t\t\t<img\n\t\t\t\t\ttitle=\"6E3EC6EB-C41D-437B-A8AB-9D2D011E4F1C\"\n\t\t\t\t\talt=\"6E3EC6EB-C41D-437B-A8AB-9D2D011E4F1C\"\n\t\t\t\t\tsrc=\"https:\/\/svenciunamai.eu\/wp-content\/gallery\/makiazo_vakarelis\/thumbs\/thumbs-6E3EC6EB-C41D-437B-A8AB-9D2D011E4F1C.jpeg\"\n\t\t\t\t\twidth=\"240\"\n\t\t\t\t\theight=\"160\"\n\t\t\t\t\tstyle=\"max-width:100%;\"\n\t\t\t\t\/>\n\t\t\t<\/a>\n\t\t<\/div>\n\t\t\t\t\t\t\t<\/div> \n\t\t\t\n\t\t\t\t<div id=\"ngg-image-6\" class=\"ngg-gallery-thumbnail-box \n\t\t\t\t\t\t\t\t\t\t\t\" \n\t\t\t>\n\t\t\t\t\t\t<div class=\"ngg-gallery-thumbnail\">\n\t\t\t<a href=\"https:\/\/svenciunamai.eu\/wp-content\/gallery\/makiazo_vakarelis\/0DC8E2A3-DC52-4EE2-BBE8-E75C22DDFDF0.jpeg\"\n\t\t\t\ttitle=\"\"\n\t\t\t\tdata-src=\"https:\/\/svenciunamai.eu\/wp-content\/gallery\/makiazo_vakarelis\/0DC8E2A3-DC52-4EE2-BBE8-E75C22DDFDF0.jpeg\"\n\t\t\t\tdata-thumbnail=\"https:\/\/svenciunamai.eu\/wp-content\/gallery\/makiazo_vakarelis\/thumbs\/thumbs-0DC8E2A3-DC52-4EE2-BBE8-E75C22DDFDF0.jpeg\"\n\t\t\t\tdata-image-id=\"137\"\n\t\t\t\tdata-title=\"0DC8E2A3-DC52-4EE2-BBE8-E75C22DDFDF0\"\n\t\t\t\tdata-description=\"\"\n\t\t\t\tdata-image-slug=\"0dc8e2a3-dc52-4ee2-bbe8-e75c22ddfdf0\"\n\t\t\t\tclass=\"ngg-simplelightbox\" rel=\"3909ef6e61b895f281a299d9f909e6bd\">\n\t\t\t\t<img\n\t\t\t\t\ttitle=\"0DC8E2A3-DC52-4EE2-BBE8-E75C22DDFDF0\"\n\t\t\t\t\talt=\"0DC8E2A3-DC52-4EE2-BBE8-E75C22DDFDF0\"\n\t\t\t\t\tsrc=\"https:\/\/svenciunamai.eu\/wp-content\/gallery\/makiazo_vakarelis\/thumbs\/thumbs-0DC8E2A3-DC52-4EE2-BBE8-E75C22DDFDF0.jpeg\"\n\t\t\t\t\twidth=\"240\"\n\t\t\t\t\theight=\"160\"\n\t\t\t\t\tstyle=\"max-width:100%;\"\n\t\t\t\t\/>\n\t\t\t<\/a>\n\t\t<\/div>\n\t\t\t\t\t\t\t<\/div> \n\t\t\t\n\t\n\t<br style=\"clear: both\" \/>\n\n\t\n\t\t<!-- Pagination -->\n\t\t<div class='ngg-clear'><\/div>\t<\/div>\n\n","protected":false},"excerpt":{"rendered":"<p>MERGIN\u0172 ESTETIKOS AKADEMIJA Tavo gimtadienyje!!! Si\u016blome i\u0161skirtin\u0119 mergaiti\u0161ko gimtadienio program\u0105! Net 2 val. skirtos mergaiti\u0161kiems pokalbiams apie veido od\u0105, kaip j\u0105 valyt, pri\u017ei\u016br\u0117t, koks makia\u017eas tinka kasdienai, o koks vakarui. Dalyv\u0117s i\u0161moks pasidaryti piln\u0105 makia\u017e\u0105, kalb\u0117s apie mad\u0105, dizainerius ir dress kodus! Vakaro pabaigoje laukia fotosesija su neribotu kiekiu nuotrauk\u0173. Naudosime profesionali\u0105, ekologi\u0161k\u0105, jaunimo linijos &hellip;<\/p>\n","protected":false},"author":1,"featured_media":0,"parent":0,"menu_order":0,"comment_status":"closed","ping_status":"closed","template":"","meta":{"ngg_post_thumbnail":0,"footnotes":""},"class_list":["post-1478","page","type-page","status-publish","hentry","no-thumb"],"_links":{"self":[{"href":"https:\/\/svenciunamai.eu\/index.php?rest_route=\/wp\/v2\/pages\/1478","targetHints":{"allow":["GET"]}}],"collection":[{"href":"https:\/\/svenciunamai.eu\/index.php?rest_route=\/wp\/v2\/pages"}],"about":[{"href":"https:\/\/svenciunamai.eu\/index.php?rest_route=\/wp\/v2\/types\/page"}],"author":[{"embeddable":true,"href":"https:\/\/svenciunamai.eu\/index.php?rest_route=\/wp\/v2\/users\/1"}],"replies":[{"embeddable":true,"href":"https:\/\/svenciunamai.eu\/index.php?rest_route=%2Fwp%2Fv2%2Fcomments&post=1478"}],"version-history":[{"count":4,"href":"https:\/\/svenciunamai.eu\/index.php?rest_route=\/wp\/v2\/pages\/1478\/revisions"}],"predecessor-version":[{"id":2624,"href":"https:\/\/svenciunamai.eu\/index.php?rest_route=\/wp\/v2\/pages\/1478\/revisions\/2624"}],"wp:attachment":[{"href":"https:\/\/svenciunamai.eu\/index.php?rest_route=%2Fwp%2Fv2%2Fmedia&parent=1478"}],"curies":[{"name":"wp","href":"https:\/\/api.w.org\/{rel}","templated":true}]}}