{"id":1474,"date":"2023-03-14T12:42:29","date_gmt":"2023-03-14T10:42:29","guid":{"rendered":"https:\/\/svenciunamai.eu\/?page_id=1474"},"modified":"2024-04-30T14:26:54","modified_gmt":"2024-04-30T11:26:54","slug":"palapiniu-paviljonu-nuoma-sventems","status":"publish","type":"page","link":"https:\/\/svenciunamai.eu\/?page_id=1474","title":{"rendered":"Paviljon\u0173 ir bald\u0173 nuoma \u0161vent\u0117ms"},"content":{"rendered":"<div class=\"wp-block-image\">\n<figure class=\"alignright size-large is-resized\"><img fetchpriority=\"high\" decoding=\"async\" width=\"1005\" height=\"1024\" src=\"https:\/\/svenciunamai.eu\/wp-content\/uploads\/2024\/04\/dekoravimas_vilniuje-1005x1024.jpg\" alt=\"\" class=\"wp-image-2193\" style=\"width:357px;height:auto\" srcset=\"https:\/\/svenciunamai.eu\/wp-content\/uploads\/2024\/04\/dekoravimas_vilniuje-1005x1024.jpg 1005w, https:\/\/svenciunamai.eu\/wp-content\/uploads\/2024\/04\/dekoravimas_vilniuje-294x300.jpg 294w, https:\/\/svenciunamai.eu\/wp-content\/uploads\/2024\/04\/dekoravimas_vilniuje-768x783.jpg 768w, https:\/\/svenciunamai.eu\/wp-content\/uploads\/2024\/04\/dekoravimas_vilniuje-1507x1536.jpg 1507w, https:\/\/svenciunamai.eu\/wp-content\/uploads\/2024\/04\/dekoravimas_vilniuje-2009x2048.jpg 2009w, https:\/\/svenciunamai.eu\/wp-content\/uploads\/2024\/04\/dekoravimas_vilniuje-418x426.jpg 418w\" sizes=\"(max-width: 1005px) 100vw, 1005px\" \/><\/figure>\n<\/div>\n\n\n<p>Nuomojame paviljonus bei baldus renginiams, visk\u0105 pristatome ir sumontuojame renginio vietoje.<\/p>\n\n\n\n<p>Si\u016blome paviljonus \u0161vent\u0117ms nuo 9 iki 200 asmen\u0173. Taip pat galime pasir\u016bpinti baldais, tekstile, dekoru ir kitomis reikiamomis paslaugomis.<\/p>\n\n\n\n<p><\/p>\n","protected":false},"excerpt":{"rendered":"<p>Nuomojame paviljonus bei baldus renginiams, visk\u0105 pristatome ir sumontuojame renginio vietoje. Si\u016blome paviljonus \u0161vent\u0117ms nuo 9 iki 200 asmen\u0173. Taip pat galime pasir\u016bpinti baldais, tekstile, dekoru ir kitomis reikiamomis paslaugomis.<\/p>\n","protected":false},"author":1,"featured_media":0,"parent":0,"menu_order":0,"comment_status":"closed","ping_status":"closed","template":"","meta":{"ngg_post_thumbnail":0,"footnotes":""},"class_list":["post-1474","page","type-page","status-publish","hentry","no-thumb"],"_links":{"self":[{"href":"https:\/\/svenciunamai.eu\/index.php?rest_route=\/wp\/v2\/pages\/1474","targetHints":{"allow":["GET"]}}],"collection":[{"href":"https:\/\/svenciunamai.eu\/index.php?rest_route=\/wp\/v2\/pages"}],"about":[{"href":"https:\/\/svenciunamai.eu\/index.php?rest_route=\/wp\/v2\/types\/page"}],"author":[{"embeddable":true,"href":"https:\/\/svenciunamai.eu\/index.php?rest_route=\/wp\/v2\/users\/1"}],"replies":[{"embeddable":true,"href":"https:\/\/svenciunamai.eu\/index.php?rest_route=%2Fwp%2Fv2%2Fcomments&post=1474"}],"version-history":[{"count":2,"href":"https:\/\/svenciunamai.eu\/index.php?rest_route=\/wp\/v2\/pages\/1474\/revisions"}],"predecessor-version":[{"id":2194,"href":"https:\/\/svenciunamai.eu\/index.php?rest_route=\/wp\/v2\/pages\/1474\/revisions\/2194"}],"wp:attachment":[{"href":"https:\/\/svenciunamai.eu\/index.php?rest_route=%2Fwp%2Fv2%2Fmedia&parent=1474"}],"curies":[{"name":"wp","href":"https:\/\/api.w.org\/{rel}","templated":true}]}}