{"id":1472,"date":"2023-03-14T12:40:27","date_gmt":"2023-03-14T10:40:27","guid":{"rendered":"https:\/\/svenciunamai.eu\/?page_id=1472"},"modified":"2024-05-08T16:58:18","modified_gmt":"2024-05-08T13:58:18","slug":"burbulu-aparato-nuoma","status":"publish","type":"page","link":"https:\/\/svenciunamai.eu\/?page_id=1472","title":{"rendered":"Burbul\u0173 aparato nuoma"},"content":{"rendered":"<div class=\"wp-block-image\">\n<figure class=\"alignleft size-large is-resized\"><img fetchpriority=\"high\" decoding=\"async\" width=\"767\" height=\"1024\" src=\"https:\/\/svenciunamai.eu\/wp-content\/uploads\/2023\/04\/burbulu_aparato_nuoma-767x1024.jpg\" alt=\"\" class=\"wp-image-1623\" style=\"aspect-ratio:0.7492795389048992;width:231px;height:auto\" srcset=\"https:\/\/svenciunamai.eu\/wp-content\/uploads\/2023\/04\/burbulu_aparato_nuoma-767x1024.jpg 767w, https:\/\/svenciunamai.eu\/wp-content\/uploads\/2023\/04\/burbulu_aparato_nuoma-225x300.jpg 225w, https:\/\/svenciunamai.eu\/wp-content\/uploads\/2023\/04\/burbulu_aparato_nuoma-768x1025.jpg 768w, https:\/\/svenciunamai.eu\/wp-content\/uploads\/2023\/04\/burbulu_aparato_nuoma-1151x1536.jpg 1151w, https:\/\/svenciunamai.eu\/wp-content\/uploads\/2023\/04\/burbulu_aparato_nuoma.jpg 1423w\" sizes=\"(max-width: 767px) 100vw, 767px\" \/><\/figure>\n<\/div>\n\n\n<p><strong>Burbul\u0173 aparato nuoma \u2013 25 eur. +DOVANA 1 l. burbul\u0173 skys\u010dio<\/strong><\/p>\n\n\n\n<p>Burbul\u0173 ma\u0161inos nuoma tai galimyb\u0117 su minimaliomis i\u0161laidomis sukurti \u0161ventin\u0119 nuotaik\u0105.<\/p>\n\n\n\n<p>\u012e nuomos kain\u0105 \u012fskai\u010diuota:<\/p>\n\n\n\n<ul class=\"wp-block-list\">\n<li>Burbul\u0173 aparatas;<\/li>\n\n\n\n<li>1 l burbul\u0173 skys\u010dio, kurio u\u017eteks ma\u017edaug vienai valandai (jei \u0161vent\u0117 ilgesn\u0117, galima u\u017esakyti papildomai);<\/li>\n\n\n\n<li>Nuotolinio valdymo pultelis;<\/li>\n\n\n\n<li>Stovas (reguliuojamas auk\u0161tis 1,5 m \u2013 2,8 m).<\/li>\n<\/ul>\n\n\n<div class=\"wp-block-image\">\n<figure class=\"alignright size-large is-resized\"><img decoding=\"async\" width=\"817\" height=\"1024\" src=\"https:\/\/svenciunamai.eu\/wp-content\/uploads\/2024\/04\/burbulu_masinos_nuoma-1-817x1024.jpg\" alt=\"\" class=\"wp-image-1722\" style=\"width:246px;height:auto\" srcset=\"https:\/\/svenciunamai.eu\/wp-content\/uploads\/2024\/04\/burbulu_masinos_nuoma-1-817x1024.jpg 817w, https:\/\/svenciunamai.eu\/wp-content\/uploads\/2024\/04\/burbulu_masinos_nuoma-1-239x300.jpg 239w, https:\/\/svenciunamai.eu\/wp-content\/uploads\/2024\/04\/burbulu_masinos_nuoma-1-768x963.jpg 768w, https:\/\/svenciunamai.eu\/wp-content\/uploads\/2024\/04\/burbulu_masinos_nuoma-1-418x524.jpg 418w, https:\/\/svenciunamai.eu\/wp-content\/uploads\/2024\/04\/burbulu_masinos_nuoma-1.jpg 984w\" sizes=\"(max-width: 817px) 100vw, 817px\" \/><\/figure>\n<\/div>\n\n\n<p>Jei teko kada nors nuomotis muilo burbul\u0173 aparat\u0105, tikriausiai pasteb\u0117jote, kad jei \u0161io aparato nei\u0161keliate visi burbulai gula ant \u017eem\u0117s ir didelio \u012fsp\u016bd\u017eio nepadaro (nebent stipriai v\u0117juota diena), visai kas kita, jei aparatas i\u0161keltas, tuomet vaikai gali d\u016bkti i\u0161 vir\u0161aus krentan\u010diuose burbuluose, atrodo smulkmena, bet tai labai svarbu, jei norite, kad pramoga teikt\u0173 tik pa\u010dias geriausias emocijas!<\/p>\n\n\n\n<p class=\"has-blush-light-purple-gradient-background has-background\">Burbul\u0173 aparat\u0105 paprasta naudoti, jis pla\u010diai pritaikomas \u2013 puikiai tinka ir priva\u010dioms \u0161vent\u0117ms, ir dideliems renginiams, muilo burbulai vaik\u0173 zonoje akimirksniu sukuria \u017eaisming\u0105 atmosfer\u0105.<\/p>\n\n\n\n<p>Burbul\u0173 aparato pagalba galite sukurti gra\u017ei\u0173 kadr\u0173, da\u017enai jis naudojamas prie foto sieneli\u0173, fotografuojantis vaik\u0173 \u0161ypsenos b\u016bna daug platesn\u0117s kai aplink gausyb\u0117 muilo burbul\u0173.<\/p>\n\n\n\n<p><\/p>\n\n\n\n<p><\/p>\n","protected":false},"excerpt":{"rendered":"<p>Burbul\u0173 aparato nuoma \u2013 25 eur. +DOVANA 1 l. burbul\u0173 skys\u010dio Burbul\u0173 ma\u0161inos nuoma tai galimyb\u0117 su minimaliomis i\u0161laidomis sukurti \u0161ventin\u0119 nuotaik\u0105. \u012e nuomos kain\u0105 \u012fskai\u010diuota: Jei teko kada nors nuomotis muilo burbul\u0173 aparat\u0105, tikriausiai pasteb\u0117jote, kad jei \u0161io aparato nei\u0161keliate visi burbulai gula ant \u017eem\u0117s ir didelio \u012fsp\u016bd\u017eio nepadaro (nebent stipriai v\u0117juota diena), visai &hellip;<\/p>\n","protected":false},"author":1,"featured_media":0,"parent":0,"menu_order":0,"comment_status":"closed","ping_status":"closed","template":"","meta":{"ngg_post_thumbnail":0,"footnotes":""},"class_list":["post-1472","page","type-page","status-publish","hentry","no-thumb"],"_links":{"self":[{"href":"https:\/\/svenciunamai.eu\/index.php?rest_route=\/wp\/v2\/pages\/1472","targetHints":{"allow":["GET"]}}],"collection":[{"href":"https:\/\/svenciunamai.eu\/index.php?rest_route=\/wp\/v2\/pages"}],"about":[{"href":"https:\/\/svenciunamai.eu\/index.php?rest_route=\/wp\/v2\/types\/page"}],"author":[{"embeddable":true,"href":"https:\/\/svenciunamai.eu\/index.php?rest_route=\/wp\/v2\/users\/1"}],"replies":[{"embeddable":true,"href":"https:\/\/svenciunamai.eu\/index.php?rest_route=%2Fwp%2Fv2%2Fcomments&post=1472"}],"version-history":[{"count":10,"href":"https:\/\/svenciunamai.eu\/index.php?rest_route=\/wp\/v2\/pages\/1472\/revisions"}],"predecessor-version":[{"id":2670,"href":"https:\/\/svenciunamai.eu\/index.php?rest_route=\/wp\/v2\/pages\/1472\/revisions\/2670"}],"wp:attachment":[{"href":"https:\/\/svenciunamai.eu\/index.php?rest_route=%2Fwp%2Fv2%2Fmedia&parent=1472"}],"curies":[{"name":"wp","href":"https:\/\/api.w.org\/{rel}","templated":true}]}}