{"id":1470,"date":"2023-03-14T12:39:06","date_gmt":"2023-03-14T10:39:06","guid":{"rendered":"https:\/\/svenciunamai.eu\/?page_id=1470"},"modified":"2024-04-30T11:09:30","modified_gmt":"2024-04-30T08:09:30","slug":"maistas","status":"publish","type":"page","link":"https:\/\/svenciunamai.eu\/?page_id=1470","title":{"rendered":"Maistas"},"content":{"rendered":"<div class=\"wp-block-image\">\n<figure class=\"alignright size-full is-resized\"><img fetchpriority=\"high\" decoding=\"async\" width=\"537\" height=\"960\" src=\"https:\/\/svenciunamai.eu\/wp-content\/uploads\/2024\/04\/maisto_tiekejai_vilniuje_vaiku_gimtadienis.jpg\" alt=\"\" class=\"wp-image-2157\" style=\"width:227px;height:auto\" srcset=\"https:\/\/svenciunamai.eu\/wp-content\/uploads\/2024\/04\/maisto_tiekejai_vilniuje_vaiku_gimtadienis.jpg 537w, https:\/\/svenciunamai.eu\/wp-content\/uploads\/2024\/04\/maisto_tiekejai_vilniuje_vaiku_gimtadienis-168x300.jpg 168w, https:\/\/svenciunamai.eu\/wp-content\/uploads\/2024\/04\/maisto_tiekejai_vilniuje_vaiku_gimtadienis-418x747.jpg 418w\" sizes=\"(max-width: 537px) 100vw, 537px\" \/><\/figure>\n<\/div>\n\n\n<p>Bendradarbiaujame su patikimais maisto tiek\u0117jais, kurie ruo\u0161ia i\u0161ties skan\u0173 ir esteti\u0161kai pateikiam\u0105 maist\u0105. Atsi\u017evelgdami \u012f j\u016bs\u0173 \u0161vent\u0117s koncept\u0105 pasi\u016blome b\u016btent jums tinkan\u010dius tiek\u0117jus, pateikiame geriausi\u0105 kainos-kokyb\u0117s santyk\u012f. <\/p>\n\n\n\n<p>J\u016bs\u0173 \u0161vent\u0117ms galime pasi\u016blyti:<\/p>\n\n\n\n<ul class=\"wp-block-list\">\n<li>Patiekalus banketui arba fur\u0161etui<\/li>\n\n\n\n<li>U\u017ekand\u017eius<\/li>\n\n\n\n<li>Vaikams pritaikyt\u0105 meniu<\/li>\n\n\n\n<li>Food truck ir plat\u0173 si\u016blom\u0173 patiekal\u0173 asortiment\u0105<\/li>\n\n\n\n<li>Grill \u0161ef\u0105<\/li>\n\n\n\n<li>Desertus<\/li>\n<\/ul>\n\n\n\n<p>Jei reikia pristatome u\u017esakyt\u0105 maist\u0105, dekoruojame, serviruojame pasir\u016bpiname indais, aptarnaujame viso renginio metu.<\/p>\n\n\n\n<p>D\u0117l maisto u\u017esakymo pra\u0161ome kreiptis el. pa\u0161tu vaikaisvencia@gmail.com<\/p>\n","protected":false},"excerpt":{"rendered":"<p>Bendradarbiaujame su patikimais maisto tiek\u0117jais, kurie ruo\u0161ia i\u0161ties skan\u0173 ir esteti\u0161kai pateikiam\u0105 maist\u0105. Atsi\u017evelgdami \u012f j\u016bs\u0173 \u0161vent\u0117s koncept\u0105 pasi\u016blome b\u016btent jums tinkan\u010dius tiek\u0117jus, pateikiame geriausi\u0105 kainos-kokyb\u0117s santyk\u012f. J\u016bs\u0173 \u0161vent\u0117ms galime pasi\u016blyti: Jei reikia pristatome u\u017esakyt\u0105 maist\u0105, dekoruojame, serviruojame pasir\u016bpiname indais, aptarnaujame viso renginio metu. D\u0117l maisto u\u017esakymo pra\u0161ome kreiptis el. pa\u0161tu vaikaisvencia@gmail.com<\/p>\n","protected":false},"author":1,"featured_media":0,"parent":0,"menu_order":0,"comment_status":"closed","ping_status":"closed","template":"","meta":{"ngg_post_thumbnail":0,"footnotes":""},"class_list":["post-1470","page","type-page","status-publish","hentry","no-thumb"],"_links":{"self":[{"href":"https:\/\/svenciunamai.eu\/index.php?rest_route=\/wp\/v2\/pages\/1470","targetHints":{"allow":["GET"]}}],"collection":[{"href":"https:\/\/svenciunamai.eu\/index.php?rest_route=\/wp\/v2\/pages"}],"about":[{"href":"https:\/\/svenciunamai.eu\/index.php?rest_route=\/wp\/v2\/types\/page"}],"author":[{"embeddable":true,"href":"https:\/\/svenciunamai.eu\/index.php?rest_route=\/wp\/v2\/users\/1"}],"replies":[{"embeddable":true,"href":"https:\/\/svenciunamai.eu\/index.php?rest_route=%2Fwp%2Fv2%2Fcomments&post=1470"}],"version-history":[{"count":2,"href":"https:\/\/svenciunamai.eu\/index.php?rest_route=\/wp\/v2\/pages\/1470\/revisions"}],"predecessor-version":[{"id":2158,"href":"https:\/\/svenciunamai.eu\/index.php?rest_route=\/wp\/v2\/pages\/1470\/revisions\/2158"}],"wp:attachment":[{"href":"https:\/\/svenciunamai.eu\/index.php?rest_route=%2Fwp%2Fv2%2Fmedia&parent=1470"}],"curies":[{"name":"wp","href":"https:\/\/api.w.org\/{rel}","templated":true}]}}