{"id":1468,"date":"2023-03-14T12:37:08","date_gmt":"2023-03-14T10:37:08","guid":{"rendered":"https:\/\/svenciunamai.eu\/?page_id=1468"},"modified":"2024-06-18T14:18:45","modified_gmt":"2024-06-18T11:18:45","slug":"batutu-nuoma","status":"publish","type":"page","link":"https:\/\/svenciunamai.eu\/?page_id=1468","title":{"rendered":"Batut\u0173 nuoma"},"content":{"rendered":"\n<p>GRAFITI <\/p>\n\n\n\n<p>Tai visi\u0161kai naujas, 2024 met\u0173 batutas, kuris prad\u017eiugins kiekvien\u0105 vaik\u0105 j\u016bs\u0173 renginyje. Tai i\u0161skirtinio dizaino, i\u0161ties ilgas, net 12 m. batutas. Jam reikalingos dvi pompos, tod\u0117l prie\u0161 u\u017esakant svarbu \u012fsitikinti ar bus pakankama elektros srov\u0117. Vienos pompos galia 2,5 kw.<\/p>\n\n\n\n<p>Batutas kli\u016b\u010di\u0173 ruo\u017eas, skirtas vaikams iki 14 m. Batutas turi kli\u016btis, laipiojimo zon\u0105 ir \u010diuo\u017eykl\u0105.<\/p>\n\n\n\n<p>Batuto i\u0161matavimai: 12 m. ilgis, 4 m. plotis, 4 m. auk\u0161tis.<\/p>\n\n\n\n<p>Batuto nuomos kaina Vilniuje &#8211; 160 Eur. U\u017e Vilniaus rib\u0173 batuto pristatymo kaina skai\u010diuojama individualiai.<\/p>\n\n\n\n<figure class=\"wp-block-gallery has-nested-images columns-default is-cropped wp-block-gallery-1 is-layout-flex wp-block-gallery-is-layout-flex\">\n<figure class=\"wp-block-image size-large\"><img fetchpriority=\"high\" decoding=\"async\" width=\"1024\" height=\"683\" data-id=\"2028\" src=\"https:\/\/svenciunamai.eu\/wp-content\/uploads\/2024\/04\/batutai_vilniuje-1024x683.jpg\" alt=\"\" class=\"wp-image-2028\" srcset=\"https:\/\/svenciunamai.eu\/wp-content\/uploads\/2024\/04\/batutai_vilniuje-1024x683.jpg 1024w, https:\/\/svenciunamai.eu\/wp-content\/uploads\/2024\/04\/batutai_vilniuje-300x200.jpg 300w, https:\/\/svenciunamai.eu\/wp-content\/uploads\/2024\/04\/batutai_vilniuje-768x512.jpg 768w, https:\/\/svenciunamai.eu\/wp-content\/uploads\/2024\/04\/batutai_vilniuje-418x279.jpg 418w, https:\/\/svenciunamai.eu\/wp-content\/uploads\/2024\/04\/batutai_vilniuje.jpg 1200w\" sizes=\"(max-width: 1024px) 100vw, 1024px\" \/><\/figure>\n\n\n\n<figure class=\"wp-block-image size-large\"><img decoding=\"async\" width=\"1024\" height=\"683\" data-id=\"2026\" src=\"https:\/\/svenciunamai.eu\/wp-content\/uploads\/2024\/04\/batutas_vilniuje_nuomai-1024x683.jpg\" alt=\"\" class=\"wp-image-2026\" srcset=\"https:\/\/svenciunamai.eu\/wp-content\/uploads\/2024\/04\/batutas_vilniuje_nuomai-1024x683.jpg 1024w, https:\/\/svenciunamai.eu\/wp-content\/uploads\/2024\/04\/batutas_vilniuje_nuomai-300x200.jpg 300w, https:\/\/svenciunamai.eu\/wp-content\/uploads\/2024\/04\/batutas_vilniuje_nuomai-768x512.jpg 768w, https:\/\/svenciunamai.eu\/wp-content\/uploads\/2024\/04\/batutas_vilniuje_nuomai-418x279.jpg 418w, https:\/\/svenciunamai.eu\/wp-content\/uploads\/2024\/04\/batutas_vilniuje_nuomai.jpg 1200w\" sizes=\"(max-width: 1024px) 100vw, 1024px\" \/><\/figure>\n\n\n\n<figure class=\"wp-block-image size-large\"><img decoding=\"async\" width=\"1024\" height=\"683\" data-id=\"2027\" src=\"https:\/\/svenciunamai.eu\/wp-content\/uploads\/2024\/04\/Batutu_nuoma_Vilniuje-2-1024x683.jpg\" alt=\"\" class=\"wp-image-2027\" srcset=\"https:\/\/svenciunamai.eu\/wp-content\/uploads\/2024\/04\/Batutu_nuoma_Vilniuje-2-1024x683.jpg 1024w, https:\/\/svenciunamai.eu\/wp-content\/uploads\/2024\/04\/Batutu_nuoma_Vilniuje-2-300x200.jpg 300w, https:\/\/svenciunamai.eu\/wp-content\/uploads\/2024\/04\/Batutu_nuoma_Vilniuje-2-768x512.jpg 768w, https:\/\/svenciunamai.eu\/wp-content\/uploads\/2024\/04\/Batutu_nuoma_Vilniuje-2-418x279.jpg 418w, https:\/\/svenciunamai.eu\/wp-content\/uploads\/2024\/04\/Batutu_nuoma_Vilniuje-2.jpg 1200w\" sizes=\"(max-width: 1024px) 100vw, 1024px\" \/><\/figure>\n<\/figure>\n\n\n\n<p><\/p>\n\n\n\n<p>MIKIS<\/p>\n\n\n\n<p>Ma\u017eas batutas, skirtas vaikams iki 8 m. Batutas turi \u010diuo\u017eykl\u0105 ir \u0161okin\u0117jimo zon\u0105.<\/p>\n\n\n\n<p>Batuto i\u0161matavimai: 4,5 m. ilgis, 4 m. plotis, 3 m. auk\u0161tis.<br>Batuto nuomos kaina Vilniuje &#8211; 90 Eur. U\u017e Vilniaus rib\u0173 batuto pristatymo kaina skai\u010diuojama individualiai.<\/p>\n\n\n\n<figure class=\"wp-block-gallery has-nested-images columns-default is-cropped wp-block-gallery-2 is-layout-flex wp-block-gallery-is-layout-flex\">\n<figure class=\"wp-block-image size-large\"><img loading=\"lazy\" decoding=\"async\" width=\"768\" height=\"1024\" data-id=\"2033\" src=\"https:\/\/svenciunamai.eu\/wp-content\/uploads\/2024\/04\/batutas_mikis_Vilniuje-768x1024.jpg\" alt=\"\" class=\"wp-image-2033\" srcset=\"https:\/\/svenciunamai.eu\/wp-content\/uploads\/2024\/04\/batutas_mikis_Vilniuje-768x1024.jpg 768w, https:\/\/svenciunamai.eu\/wp-content\/uploads\/2024\/04\/batutas_mikis_Vilniuje-225x300.jpg 225w, https:\/\/svenciunamai.eu\/wp-content\/uploads\/2024\/04\/batutas_mikis_Vilniuje-418x557.jpg 418w, https:\/\/svenciunamai.eu\/wp-content\/uploads\/2024\/04\/batutas_mikis_Vilniuje.jpg 1080w\" sizes=\"(max-width: 768px) 100vw, 768px\" \/><\/figure>\n\n\n\n<figure class=\"wp-block-image size-large\"><img loading=\"lazy\" decoding=\"async\" width=\"720\" height=\"960\" data-id=\"2032\" src=\"https:\/\/svenciunamai.eu\/wp-content\/uploads\/2024\/04\/batutas_vaikams_nuoma_vilniuja-1.jpg\" alt=\"\" class=\"wp-image-2032\" srcset=\"https:\/\/svenciunamai.eu\/wp-content\/uploads\/2024\/04\/batutas_vaikams_nuoma_vilniuja-1.jpg 720w, https:\/\/svenciunamai.eu\/wp-content\/uploads\/2024\/04\/batutas_vaikams_nuoma_vilniuja-1-225x300.jpg 225w, https:\/\/svenciunamai.eu\/wp-content\/uploads\/2024\/04\/batutas_vaikams_nuoma_vilniuja-1-418x557.jpg 418w\" sizes=\"(max-width: 720px) 100vw, 720px\" \/><\/figure>\n\n\n\n<figure class=\"wp-block-image size-large\"><img loading=\"lazy\" decoding=\"async\" width=\"720\" height=\"960\" data-id=\"2034\" src=\"https:\/\/svenciunamai.eu\/wp-content\/uploads\/2024\/04\/vaikisko_batuto_nuoma_vilniuje-1.jpg\" alt=\"\" class=\"wp-image-2034\" srcset=\"https:\/\/svenciunamai.eu\/wp-content\/uploads\/2024\/04\/vaikisko_batuto_nuoma_vilniuje-1.jpg 720w, https:\/\/svenciunamai.eu\/wp-content\/uploads\/2024\/04\/vaikisko_batuto_nuoma_vilniuje-1-225x300.jpg 225w, https:\/\/svenciunamai.eu\/wp-content\/uploads\/2024\/04\/vaikisko_batuto_nuoma_vilniuje-1-418x557.jpg 418w\" sizes=\"(max-width: 720px) 100vw, 720px\" \/><\/figure>\n<\/figure>\n\n\n\n<p><\/p>\n\n\n\n<p>LEGO<\/p>\n\n\n\n<p>Batutas skirtas vaikams iki 12 m. LEGO batutas yra su kli\u016btimis, \u017eaidim\u0173 aik\u0161tele ir \u010diuo\u017eimo kalneliu.<\/p>\n\n\n\n<p>Batuto i\u0161matavimai: 9 m. ilgis, 4 m. plotis, 5 m. auk\u0161tis.<br>Batuto nuomos kaina Vilniuje &#8211; 140 Eur. U\u017e Vilniaus rib\u0173 batuto pristatymo kaina skai\u010diuojama individualiai.<\/p>\n\n\n\n<figure class=\"wp-block-gallery has-nested-images columns-default is-cropped wp-block-gallery-3 is-layout-flex wp-block-gallery-is-layout-flex\">\n<figure class=\"wp-block-image size-large\"><img loading=\"lazy\" decoding=\"async\" width=\"1024\" height=\"683\" data-id=\"2043\" src=\"https:\/\/svenciunamai.eu\/wp-content\/uploads\/2024\/04\/dideliu_batutu_nuoma-1024x683.jpg\" alt=\"\" class=\"wp-image-2043\" srcset=\"https:\/\/svenciunamai.eu\/wp-content\/uploads\/2024\/04\/dideliu_batutu_nuoma-1024x683.jpg 1024w, https:\/\/svenciunamai.eu\/wp-content\/uploads\/2024\/04\/dideliu_batutu_nuoma-300x200.jpg 300w, https:\/\/svenciunamai.eu\/wp-content\/uploads\/2024\/04\/dideliu_batutu_nuoma-768x512.jpg 768w, https:\/\/svenciunamai.eu\/wp-content\/uploads\/2024\/04\/dideliu_batutu_nuoma-418x279.jpg 418w, https:\/\/svenciunamai.eu\/wp-content\/uploads\/2024\/04\/dideliu_batutu_nuoma.jpg 1200w\" sizes=\"(max-width: 1024px) 100vw, 1024px\" \/><\/figure>\n\n\n\n<figure class=\"wp-block-image size-large\"><img loading=\"lazy\" decoding=\"async\" width=\"1024\" height=\"683\" data-id=\"2042\" src=\"https:\/\/svenciunamai.eu\/wp-content\/uploads\/2024\/04\/Lego_batutas_vilniuje-1024x683.jpg\" alt=\"\" class=\"wp-image-2042\" srcset=\"https:\/\/svenciunamai.eu\/wp-content\/uploads\/2024\/04\/Lego_batutas_vilniuje-1024x683.jpg 1024w, https:\/\/svenciunamai.eu\/wp-content\/uploads\/2024\/04\/Lego_batutas_vilniuje-300x200.jpg 300w, https:\/\/svenciunamai.eu\/wp-content\/uploads\/2024\/04\/Lego_batutas_vilniuje-768x512.jpg 768w, https:\/\/svenciunamai.eu\/wp-content\/uploads\/2024\/04\/Lego_batutas_vilniuje-418x279.jpg 418w, https:\/\/svenciunamai.eu\/wp-content\/uploads\/2024\/04\/Lego_batutas_vilniuje.jpg 1200w\" sizes=\"(max-width: 1024px) 100vw, 1024px\" \/><\/figure>\n\n\n\n<figure class=\"wp-block-image size-large\"><img loading=\"lazy\" decoding=\"async\" width=\"1024\" height=\"683\" data-id=\"2041\" src=\"https:\/\/svenciunamai.eu\/wp-content\/uploads\/2024\/04\/nauji_batutai_vilniuje_nuoma-1024x683.jpg\" alt=\"\" class=\"wp-image-2041\" srcset=\"https:\/\/svenciunamai.eu\/wp-content\/uploads\/2024\/04\/nauji_batutai_vilniuje_nuoma-1024x683.jpg 1024w, https:\/\/svenciunamai.eu\/wp-content\/uploads\/2024\/04\/nauji_batutai_vilniuje_nuoma-300x200.jpg 300w, https:\/\/svenciunamai.eu\/wp-content\/uploads\/2024\/04\/nauji_batutai_vilniuje_nuoma-768x512.jpg 768w, https:\/\/svenciunamai.eu\/wp-content\/uploads\/2024\/04\/nauji_batutai_vilniuje_nuoma-418x279.jpg 418w, https:\/\/svenciunamai.eu\/wp-content\/uploads\/2024\/04\/nauji_batutai_vilniuje_nuoma.jpg 1200w\" sizes=\"(max-width: 1024px) 100vw, 1024px\" \/><\/figure>\n<\/figure>\n\n\n\n<p><\/p>\n\n\n\n<p>PLANETA<\/p>\n\n\n\n<p>Batutas, skirtas vaikams iki 10 m. Batutas turi \u010diuo\u017eykl\u0105, laipiojimo zon\u0105, tunel\u012f ir kli\u016btis.<\/p>\n\n\n\n<p>Batuto i\u0161matavimai: 7 m. ilgis, 6 m. plotis, 5 m. auk\u0161tis.<br>Batuto nuomos kaina Vilniuje &#8211; 130 Eur. U\u017e Vilniaus rib\u0173 batuto pristatymo kaina skai\u010diuojama individualiai.<\/p>\n\n\n\n<figure class=\"wp-block-gallery has-nested-images columns-default is-cropped wp-block-gallery-4 is-layout-flex wp-block-gallery-is-layout-flex\">\n<figure class=\"wp-block-image size-large\"><img loading=\"lazy\" decoding=\"async\" width=\"720\" height=\"960\" data-id=\"2044\" src=\"https:\/\/svenciunamai.eu\/wp-content\/uploads\/2024\/04\/batutai_vaikams_nuoma.jpg\" alt=\"\" class=\"wp-image-2044\" srcset=\"https:\/\/svenciunamai.eu\/wp-content\/uploads\/2024\/04\/batutai_vaikams_nuoma.jpg 720w, https:\/\/svenciunamai.eu\/wp-content\/uploads\/2024\/04\/batutai_vaikams_nuoma-225x300.jpg 225w, https:\/\/svenciunamai.eu\/wp-content\/uploads\/2024\/04\/batutai_vaikams_nuoma-418x557.jpg 418w\" sizes=\"(max-width: 720px) 100vw, 720px\" \/><\/figure>\n\n\n\n<figure class=\"wp-block-image size-large\"><img loading=\"lazy\" decoding=\"async\" width=\"720\" height=\"960\" data-id=\"2045\" src=\"https:\/\/svenciunamai.eu\/wp-content\/uploads\/2024\/04\/batutas_maziems_vaikams_vilniuje.jpg\" alt=\"\" class=\"wp-image-2045\" srcset=\"https:\/\/svenciunamai.eu\/wp-content\/uploads\/2024\/04\/batutas_maziems_vaikams_vilniuje.jpg 720w, https:\/\/svenciunamai.eu\/wp-content\/uploads\/2024\/04\/batutas_maziems_vaikams_vilniuje-225x300.jpg 225w, https:\/\/svenciunamai.eu\/wp-content\/uploads\/2024\/04\/batutas_maziems_vaikams_vilniuje-418x557.jpg 418w\" sizes=\"(max-width: 720px) 100vw, 720px\" \/><\/figure>\n\n\n\n<figure class=\"wp-block-image size-large\"><img loading=\"lazy\" decoding=\"async\" width=\"720\" height=\"960\" data-id=\"2046\" src=\"https:\/\/svenciunamai.eu\/wp-content\/uploads\/2024\/04\/Planata_batutu_nuoma_vilniuje.jpg\" alt=\"\" class=\"wp-image-2046\" srcset=\"https:\/\/svenciunamai.eu\/wp-content\/uploads\/2024\/04\/Planata_batutu_nuoma_vilniuje.jpg 720w, https:\/\/svenciunamai.eu\/wp-content\/uploads\/2024\/04\/Planata_batutu_nuoma_vilniuje-225x300.jpg 225w, https:\/\/svenciunamai.eu\/wp-content\/uploads\/2024\/04\/Planata_batutu_nuoma_vilniuje-418x557.jpg 418w\" sizes=\"(max-width: 720px) 100vw, 720px\" \/><\/figure>\n<\/figure>\n\n\n\n<p><\/p>\n\n\n\n<p>ELZA<\/p>\n\n\n\n<p>Didelis batutas, skirtas vaikams iki 14 m. am\u017eiaus. Batutas turi dvi \u010diuo\u017eyklas, jos gana sta\u010dios ir ekstremalios, tad labai patiks vyresniems vaikams.<\/p>\n\n\n\n<p id=\"batutaivilniuje\">Batuto i\u0161matavimai: 9 m. ilgis, 5 m. plotis, 5,5 m. auk\u0161tis.<br>Batuto nuomos kaina Vilniuje &#8211; 150 Eur. U\u017e Vilniaus rib\u0173 batuto pristatymo kaina skai\u010diuojama individualiai.<\/p>\n\n\n\n<figure class=\"wp-block-gallery has-nested-images columns-default is-cropped wp-block-gallery-5 is-layout-flex wp-block-gallery-is-layout-flex\">\n<figure class=\"wp-block-image size-large\"><img loading=\"lazy\" decoding=\"async\" width=\"768\" height=\"1024\" data-id=\"2040\" src=\"https:\/\/svenciunamai.eu\/wp-content\/uploads\/2024\/04\/batutas_ciuozykla_nuoma-768x1024.jpg\" alt=\"\" class=\"wp-image-2040\" srcset=\"https:\/\/svenciunamai.eu\/wp-content\/uploads\/2024\/04\/batutas_ciuozykla_nuoma-768x1024.jpg 768w, https:\/\/svenciunamai.eu\/wp-content\/uploads\/2024\/04\/batutas_ciuozykla_nuoma-225x300.jpg 225w, https:\/\/svenciunamai.eu\/wp-content\/uploads\/2024\/04\/batutas_ciuozykla_nuoma-1152x1536.jpg 1152w, https:\/\/svenciunamai.eu\/wp-content\/uploads\/2024\/04\/batutas_ciuozykla_nuoma-418x557.jpg 418w, https:\/\/svenciunamai.eu\/wp-content\/uploads\/2024\/04\/batutas_ciuozykla_nuoma.jpg 1536w\" sizes=\"(max-width: 768px) 100vw, 768px\" \/><\/figure>\n\n\n\n<figure class=\"wp-block-image size-large\"><img loading=\"lazy\" decoding=\"async\" width=\"720\" height=\"960\" data-id=\"2038\" src=\"https:\/\/svenciunamai.eu\/wp-content\/uploads\/2024\/04\/Batutas_mergaitems_Elza.jpg\" alt=\"\" class=\"wp-image-2038\" srcset=\"https:\/\/svenciunamai.eu\/wp-content\/uploads\/2024\/04\/Batutas_mergaitems_Elza.jpg 720w, https:\/\/svenciunamai.eu\/wp-content\/uploads\/2024\/04\/Batutas_mergaitems_Elza-225x300.jpg 225w, https:\/\/svenciunamai.eu\/wp-content\/uploads\/2024\/04\/Batutas_mergaitems_Elza-418x557.jpg 418w\" sizes=\"(max-width: 720px) 100vw, 720px\" \/><\/figure>\n\n\n\n<figure class=\"wp-block-image size-large\"><img loading=\"lazy\" decoding=\"async\" width=\"721\" height=\"960\" data-id=\"2039\" src=\"https:\/\/svenciunamai.eu\/wp-content\/uploads\/2024\/04\/Elza_gimtadienis_batutas.jpg\" alt=\"\" class=\"wp-image-2039\" srcset=\"https:\/\/svenciunamai.eu\/wp-content\/uploads\/2024\/04\/Elza_gimtadienis_batutas.jpg 721w, https:\/\/svenciunamai.eu\/wp-content\/uploads\/2024\/04\/Elza_gimtadienis_batutas-225x300.jpg 225w, https:\/\/svenciunamai.eu\/wp-content\/uploads\/2024\/04\/Elza_gimtadienis_batutas-418x557.jpg 418w\" sizes=\"(max-width: 721px) 100vw, 721px\" \/><\/figure>\n<\/figure>\n\n\n\n<p><\/p>\n\n\n\n<p>MAKVYNAS<\/p>\n\n\n\n<p>Didelis batutas, skirtas vaikams iki 14 m. am\u017eiaus. Turi du kalniukus, tas suteikia galimyb\u0119 laisviau \u010diuo\u017ein\u0117ti. Be to kalnas yra nuo\u017eulnus, tod\u0117l \u012f j\u012f lengva lipti net ir ma\u017eesniems vaikams.<\/p>\n\n\n\n<p>Batuto i\u0161matavimai: 10 m. ilgis, 5 m. plotis, 5,5 m. auk\u0161tis.<br>Batuto nuomos kaina Vilniuje &#8211; 140 Eur. U\u017e Vilniaus rib\u0173 batuto pristatymo kaina skai\u010diuojama individualiai.<\/p>\n\n\n\n<figure class=\"wp-block-gallery has-nested-images columns-default is-cropped wp-block-gallery-6 is-layout-flex wp-block-gallery-is-layout-flex\">\n<figure class=\"wp-block-image size-large\"><img loading=\"lazy\" decoding=\"async\" width=\"720\" height=\"960\" data-id=\"2048\" src=\"https:\/\/svenciunamai.eu\/wp-content\/uploads\/2024\/04\/434381011_925355022489788_960195123816527285_n.jpg\" alt=\"\" class=\"wp-image-2048\" srcset=\"https:\/\/svenciunamai.eu\/wp-content\/uploads\/2024\/04\/434381011_925355022489788_960195123816527285_n.jpg 720w, https:\/\/svenciunamai.eu\/wp-content\/uploads\/2024\/04\/434381011_925355022489788_960195123816527285_n-225x300.jpg 225w, https:\/\/svenciunamai.eu\/wp-content\/uploads\/2024\/04\/434381011_925355022489788_960195123816527285_n-418x557.jpg 418w\" sizes=\"(max-width: 720px) 100vw, 720px\" \/><\/figure>\n\n\n\n<figure class=\"wp-block-image size-large\"><img loading=\"lazy\" decoding=\"async\" width=\"720\" height=\"960\" data-id=\"2047\" src=\"https:\/\/svenciunamai.eu\/wp-content\/uploads\/2024\/04\/ciuozyklos_nuoma_vilniuje.jpg\" alt=\"\" class=\"wp-image-2047\" srcset=\"https:\/\/svenciunamai.eu\/wp-content\/uploads\/2024\/04\/ciuozyklos_nuoma_vilniuje.jpg 720w, https:\/\/svenciunamai.eu\/wp-content\/uploads\/2024\/04\/ciuozyklos_nuoma_vilniuje-225x300.jpg 225w, https:\/\/svenciunamai.eu\/wp-content\/uploads\/2024\/04\/ciuozyklos_nuoma_vilniuje-418x557.jpg 418w\" sizes=\"(max-width: 720px) 100vw, 720px\" \/><\/figure>\n\n\n\n<figure class=\"wp-block-image size-large\"><img loading=\"lazy\" decoding=\"async\" width=\"960\" height=\"720\" data-id=\"2049\" src=\"https:\/\/svenciunamai.eu\/wp-content\/uploads\/2024\/04\/Makvyno_gimtadienis_batutas_vilniuje.jpg\" alt=\"\" class=\"wp-image-2049\" srcset=\"https:\/\/svenciunamai.eu\/wp-content\/uploads\/2024\/04\/Makvyno_gimtadienis_batutas_vilniuje.jpg 960w, https:\/\/svenciunamai.eu\/wp-content\/uploads\/2024\/04\/Makvyno_gimtadienis_batutas_vilniuje-300x225.jpg 300w, https:\/\/svenciunamai.eu\/wp-content\/uploads\/2024\/04\/Makvyno_gimtadienis_batutas_vilniuje-768x576.jpg 768w, https:\/\/svenciunamai.eu\/wp-content\/uploads\/2024\/04\/Makvyno_gimtadienis_batutas_vilniuje-418x314.jpg 418w\" sizes=\"(max-width: 960px) 100vw, 960px\" \/><\/figure>\n<\/figure>\n\n\n\n<p><\/p>\n\n\n\n<p>MINECRAFT<\/p>\n\n\n\n<p>Didelis batutas, skirtas vaikams iki 12 m. Batuto \u0161okin\u0117jimo zonoje yra dvi kli\u016btys ir auk\u0161ta \u010diuo\u017eykla.<\/p>\n\n\n\n<p>Batuto i\u0161matavimai: 8m. ilgis, 4 m. plotis, 6 m. auk\u0161tis.<br>Batuto nuomos kaina Vilniuje &#8211; 130 Eur. U\u017e Vilniaus rib\u0173 batuto pristatymo kaina skai\u010diuojama individualiai.<\/p>\n\n\n\n<figure class=\"wp-block-gallery has-nested-images columns-default is-cropped wp-block-gallery-7 is-layout-flex wp-block-gallery-is-layout-flex\">\n<figure class=\"wp-block-image size-large\"><img loading=\"lazy\" decoding=\"async\" width=\"768\" height=\"1024\" data-id=\"2064\" src=\"https:\/\/svenciunamai.eu\/wp-content\/uploads\/2024\/04\/minecraft_gimtadienis_vilniuje-4-768x1024.jpg\" alt=\"\" class=\"wp-image-2064\" srcset=\"https:\/\/svenciunamai.eu\/wp-content\/uploads\/2024\/04\/minecraft_gimtadienis_vilniuje-4-768x1024.jpg 768w, https:\/\/svenciunamai.eu\/wp-content\/uploads\/2024\/04\/minecraft_gimtadienis_vilniuje-4-225x300.jpg 225w, https:\/\/svenciunamai.eu\/wp-content\/uploads\/2024\/04\/minecraft_gimtadienis_vilniuje-4-1152x1536.jpg 1152w, https:\/\/svenciunamai.eu\/wp-content\/uploads\/2024\/04\/minecraft_gimtadienis_vilniuje-4-418x557.jpg 418w, https:\/\/svenciunamai.eu\/wp-content\/uploads\/2024\/04\/minecraft_gimtadienis_vilniuje-4.jpg 1536w\" sizes=\"(max-width: 768px) 100vw, 768px\" \/><\/figure>\n\n\n\n<figure class=\"wp-block-image size-large\"><img loading=\"lazy\" decoding=\"async\" width=\"768\" height=\"1024\" data-id=\"2063\" src=\"https:\/\/svenciunamai.eu\/wp-content\/uploads\/2024\/04\/Vilniuje_Minecraft_batutas-768x1024.jpg\" alt=\"\" class=\"wp-image-2063\" srcset=\"https:\/\/svenciunamai.eu\/wp-content\/uploads\/2024\/04\/Vilniuje_Minecraft_batutas-768x1024.jpg 768w, https:\/\/svenciunamai.eu\/wp-content\/uploads\/2024\/04\/Vilniuje_Minecraft_batutas-225x300.jpg 225w, https:\/\/svenciunamai.eu\/wp-content\/uploads\/2024\/04\/Vilniuje_Minecraft_batutas-1152x1536.jpg 1152w, https:\/\/svenciunamai.eu\/wp-content\/uploads\/2024\/04\/Vilniuje_Minecraft_batutas-418x557.jpg 418w, https:\/\/svenciunamai.eu\/wp-content\/uploads\/2024\/04\/Vilniuje_Minecraft_batutas.jpg 1536w\" sizes=\"(max-width: 768px) 100vw, 768px\" \/><\/figure>\n\n\n\n<figure class=\"wp-block-image size-large\"><img loading=\"lazy\" decoding=\"async\" width=\"768\" height=\"1024\" data-id=\"2065\" src=\"https:\/\/svenciunamai.eu\/wp-content\/uploads\/2024\/04\/Vilniuje_minecraft_batuto_nuoma-768x1024.jpg\" alt=\"\" class=\"wp-image-2065\" srcset=\"https:\/\/svenciunamai.eu\/wp-content\/uploads\/2024\/04\/Vilniuje_minecraft_batuto_nuoma-768x1024.jpg 768w, https:\/\/svenciunamai.eu\/wp-content\/uploads\/2024\/04\/Vilniuje_minecraft_batuto_nuoma-225x300.jpg 225w, https:\/\/svenciunamai.eu\/wp-content\/uploads\/2024\/04\/Vilniuje_minecraft_batuto_nuoma-1152x1536.jpg 1152w, https:\/\/svenciunamai.eu\/wp-content\/uploads\/2024\/04\/Vilniuje_minecraft_batuto_nuoma-418x557.jpg 418w, https:\/\/svenciunamai.eu\/wp-content\/uploads\/2024\/04\/Vilniuje_minecraft_batuto_nuoma.jpg 1536w\" sizes=\"(max-width: 768px) 100vw, 768px\" \/><\/figure>\n<\/figure>\n\n\n\n<p>\u017dMOGUS VORAS<\/p>\n\n\n\n<p>Didelis batutas, skirtas vaikams iki 14 m. \u0160io batuto nusileidimo kalnelis banguotas ir tas suteikia dar daugiau d\u017eiaugsmo vaikams.<\/p>\n\n\n\n<p>Batuto i\u0161matavimai: 9 m. ilgis, 4 m. plotis, 6 m. auk\u0161tis.<br>Batuto nuomos kaina Vilniuje &#8211; 150 Eur. U\u017e Vilniaus rib\u0173 batuto pristatymo kaina skai\u010diuojama individualiai.<\/p>\n\n\n\n<figure class=\"wp-block-gallery has-nested-images columns-default is-cropped wp-block-gallery-8 is-layout-flex wp-block-gallery-is-layout-flex\">\n<figure class=\"wp-block-image size-large\"><img loading=\"lazy\" decoding=\"async\" width=\"1024\" height=\"683\" data-id=\"2035\" src=\"https:\/\/svenciunamai.eu\/wp-content\/uploads\/2024\/04\/batutai_vaikams_vilniuje-1024x683.jpg\" alt=\"\" class=\"wp-image-2035\" srcset=\"https:\/\/svenciunamai.eu\/wp-content\/uploads\/2024\/04\/batutai_vaikams_vilniuje-1024x683.jpg 1024w, https:\/\/svenciunamai.eu\/wp-content\/uploads\/2024\/04\/batutai_vaikams_vilniuje-300x200.jpg 300w, https:\/\/svenciunamai.eu\/wp-content\/uploads\/2024\/04\/batutai_vaikams_vilniuje-768x512.jpg 768w, https:\/\/svenciunamai.eu\/wp-content\/uploads\/2024\/04\/batutai_vaikams_vilniuje-418x279.jpg 418w, https:\/\/svenciunamai.eu\/wp-content\/uploads\/2024\/04\/batutai_vaikams_vilniuje.jpg 1200w\" sizes=\"(max-width: 1024px) 100vw, 1024px\" \/><\/figure>\n\n\n\n<figure class=\"wp-block-image size-large\"><img loading=\"lazy\" decoding=\"async\" width=\"1024\" height=\"683\" data-id=\"2036\" src=\"https:\/\/svenciunamai.eu\/wp-content\/uploads\/2024\/04\/batutas_zmogus_voras-1024x683.jpg\" alt=\"\" class=\"wp-image-2036\" srcset=\"https:\/\/svenciunamai.eu\/wp-content\/uploads\/2024\/04\/batutas_zmogus_voras-1024x683.jpg 1024w, https:\/\/svenciunamai.eu\/wp-content\/uploads\/2024\/04\/batutas_zmogus_voras-300x200.jpg 300w, https:\/\/svenciunamai.eu\/wp-content\/uploads\/2024\/04\/batutas_zmogus_voras-768x512.jpg 768w, https:\/\/svenciunamai.eu\/wp-content\/uploads\/2024\/04\/batutas_zmogus_voras-418x279.jpg 418w, https:\/\/svenciunamai.eu\/wp-content\/uploads\/2024\/04\/batutas_zmogus_voras.jpg 1200w\" sizes=\"(max-width: 1024px) 100vw, 1024px\" \/><\/figure>\n\n\n\n<figure class=\"wp-block-image size-large\"><img loading=\"lazy\" decoding=\"async\" width=\"1024\" height=\"683\" data-id=\"2037\" src=\"https:\/\/svenciunamai.eu\/wp-content\/uploads\/2024\/04\/Zmogus_voras_batuto_nuoma-1024x683.jpg\" alt=\"\" class=\"wp-image-2037\" srcset=\"https:\/\/svenciunamai.eu\/wp-content\/uploads\/2024\/04\/Zmogus_voras_batuto_nuoma-1024x683.jpg 1024w, https:\/\/svenciunamai.eu\/wp-content\/uploads\/2024\/04\/Zmogus_voras_batuto_nuoma-300x200.jpg 300w, https:\/\/svenciunamai.eu\/wp-content\/uploads\/2024\/04\/Zmogus_voras_batuto_nuoma-768x512.jpg 768w, https:\/\/svenciunamai.eu\/wp-content\/uploads\/2024\/04\/Zmogus_voras_batuto_nuoma-418x279.jpg 418w, https:\/\/svenciunamai.eu\/wp-content\/uploads\/2024\/04\/Zmogus_voras_batuto_nuoma.jpg 1200w\" sizes=\"(max-width: 1024px) 100vw, 1024px\" \/><\/figure>\n<\/figure>\n","protected":false},"excerpt":{"rendered":"<p>GRAFITI Tai visi\u0161kai naujas, 2024 met\u0173 batutas, kuris prad\u017eiugins kiekvien\u0105 vaik\u0105 j\u016bs\u0173 renginyje. Tai i\u0161skirtinio dizaino, i\u0161ties ilgas, net 12 m. batutas. Jam reikalingos dvi pompos, tod\u0117l prie\u0161 u\u017esakant svarbu \u012fsitikinti ar bus pakankama elektros srov\u0117. Vienos pompos galia 2,5 kw. Batutas kli\u016b\u010di\u0173 ruo\u017eas, skirtas vaikams iki 14 m. Batutas turi kli\u016btis, laipiojimo zon\u0105 ir &hellip;<\/p>\n","protected":false},"author":1,"featured_media":0,"parent":0,"menu_order":0,"comment_status":"closed","ping_status":"closed","template":"","meta":{"ngg_post_thumbnail":0,"footnotes":""},"class_list":["post-1468","page","type-page","status-publish","hentry","no-thumb"],"_links":{"self":[{"href":"https:\/\/svenciunamai.eu\/index.php?rest_route=\/wp\/v2\/pages\/1468","targetHints":{"allow":["GET"]}}],"collection":[{"href":"https:\/\/svenciunamai.eu\/index.php?rest_route=\/wp\/v2\/pages"}],"about":[{"href":"https:\/\/svenciunamai.eu\/index.php?rest_route=\/wp\/v2\/types\/page"}],"author":[{"embeddable":true,"href":"https:\/\/svenciunamai.eu\/index.php?rest_route=\/wp\/v2\/users\/1"}],"replies":[{"embeddable":true,"href":"https:\/\/svenciunamai.eu\/index.php?rest_route=%2Fwp%2Fv2%2Fcomments&post=1468"}],"version-history":[{"count":7,"href":"https:\/\/svenciunamai.eu\/index.php?rest_route=\/wp\/v2\/pages\/1468\/revisions"}],"predecessor-version":[{"id":2675,"href":"https:\/\/svenciunamai.eu\/index.php?rest_route=\/wp\/v2\/pages\/1468\/revisions\/2675"}],"wp:attachment":[{"href":"https:\/\/svenciunamai.eu\/index.php?rest_route=%2Fwp%2Fv2%2Fmedia&parent=1468"}],"curies":[{"name":"wp","href":"https:\/\/api.w.org\/{rel}","templated":true}]}}