{"id":1466,"date":"2023-03-14T12:36:54","date_gmt":"2023-03-14T10:36:54","guid":{"rendered":"https:\/\/svenciunamai.eu\/?page_id=1466"},"modified":"2025-01-10T11:49:59","modified_gmt":"2025-01-10T09:49:59","slug":"ledu-vezimelio-nuoma","status":"publish","type":"page","link":"https:\/\/svenciunamai.eu\/?page_id=1466","title":{"rendered":"Led\u0173 ve\u017eim\u0117lio nuoma"},"content":{"rendered":"<div class=\"wp-block-image\">\n<figure class=\"alignright size-large is-resized\"><img fetchpriority=\"high\" decoding=\"async\" width=\"768\" height=\"1024\" src=\"https:\/\/svenciunamai.eu\/wp-content\/uploads\/2024\/08\/ledu_vezimelio_nuoma_vilniuje-3-768x1024.jpg\" alt=\"\" class=\"wp-image-2683\" style=\"width:288px;height:auto\" srcset=\"https:\/\/svenciunamai.eu\/wp-content\/uploads\/2024\/08\/ledu_vezimelio_nuoma_vilniuje-3-768x1024.jpg 768w, https:\/\/svenciunamai.eu\/wp-content\/uploads\/2024\/08\/ledu_vezimelio_nuoma_vilniuje-3-225x300.jpg 225w, https:\/\/svenciunamai.eu\/wp-content\/uploads\/2024\/08\/ledu_vezimelio_nuoma_vilniuje-3-1152x1536.jpg 1152w, https:\/\/svenciunamai.eu\/wp-content\/uploads\/2024\/08\/ledu_vezimelio_nuoma_vilniuje-3-418x557.jpg 418w, https:\/\/svenciunamai.eu\/wp-content\/uploads\/2024\/08\/ledu_vezimelio_nuoma_vilniuje-3.jpg 1536w\" sizes=\"(max-width: 768px) 100vw, 768px\" \/><\/figure>\n<\/div>\n\n\n<p>Led\u0173 ve\u017eim\u0117lio nuoma su aptarnavimu.<\/p>\n\n\n\n<p><\/p>\n\n\n\n<p>\u012e kain\u0105 \u012fskai\u010diuota:<\/p>\n\n\n\n<ul class=\"wp-block-list\">\n<li>Aptarnavimas<\/li>\n\n\n\n<li>Trij\u0173 skoni\u0173 ledai<\/li>\n\n\n\n<li>Pabarstukai<\/li>\n\n\n\n<li>Sirupai<\/li>\n\n\n\n<li>Vafliniai rageliai<\/li>\n\n\n\n<li>Indeliai<\/li>\n<\/ul>\n\n\n\n<p>Paslaugos kaina Vilniuje nuo 200 eur.<\/p>\n\n\n\n<p>Kituose miestuose papildomai skai\u010diuojamas atvykimo mokestis.<\/p>\n\n\n\n<p><\/p>\n","protected":false},"excerpt":{"rendered":"<p>Led\u0173 ve\u017eim\u0117lio nuoma su aptarnavimu. \u012e kain\u0105 \u012fskai\u010diuota: Paslaugos kaina Vilniuje nuo 200 eur. Kituose miestuose papildomai skai\u010diuojamas atvykimo mokestis.<\/p>\n","protected":false},"author":1,"featured_media":0,"parent":0,"menu_order":0,"comment_status":"closed","ping_status":"closed","template":"","meta":{"ngg_post_thumbnail":0,"footnotes":""},"class_list":["post-1466","page","type-page","status-publish","hentry","no-thumb"],"_links":{"self":[{"href":"https:\/\/svenciunamai.eu\/index.php?rest_route=\/wp\/v2\/pages\/1466","targetHints":{"allow":["GET"]}}],"collection":[{"href":"https:\/\/svenciunamai.eu\/index.php?rest_route=\/wp\/v2\/pages"}],"about":[{"href":"https:\/\/svenciunamai.eu\/index.php?rest_route=\/wp\/v2\/types\/page"}],"author":[{"embeddable":true,"href":"https:\/\/svenciunamai.eu\/index.php?rest_route=\/wp\/v2\/users\/1"}],"replies":[{"embeddable":true,"href":"https:\/\/svenciunamai.eu\/index.php?rest_route=%2Fwp%2Fv2%2Fcomments&post=1466"}],"version-history":[{"count":8,"href":"https:\/\/svenciunamai.eu\/index.php?rest_route=\/wp\/v2\/pages\/1466\/revisions"}],"predecessor-version":[{"id":2689,"href":"https:\/\/svenciunamai.eu\/index.php?rest_route=\/wp\/v2\/pages\/1466\/revisions\/2689"}],"wp:attachment":[{"href":"https:\/\/svenciunamai.eu\/index.php?rest_route=%2Fwp%2Fv2%2Fmedia&parent=1466"}],"curies":[{"name":"wp","href":"https:\/\/api.w.org\/{rel}","templated":true}]}}