{"id":1462,"date":"2023-03-14T12:35:20","date_gmt":"2023-03-14T10:35:20","guid":{"rendered":"https:\/\/svenciunamai.eu\/?page_id=1462"},"modified":"2024-05-08T16:47:27","modified_gmt":"2024-05-08T13:47:27","slug":"cukraus-vatos-aparato-nuoma","status":"publish","type":"page","link":"https:\/\/svenciunamai.eu\/?page_id=1462","title":{"rendered":"Cukraus vatos aparato nuoma"},"content":{"rendered":"<p><strong>Profesionalaus cukraus vatos aparato nuoma \u2013 45 eur. +DOVANA priemon\u0117s 40 porcij\u0173<\/strong><\/p>\n<figure class=\"wp-block-image size-full\"><img fetchpriority=\"high\" decoding=\"async\" class=\"wp-image-1531 alignleft\" src=\"https:\/\/svenciunamai.eu\/wp-content\/uploads\/2023\/03\/cukraus_vatos_gaminimo_aparatas.jpg\" alt=\"\" width=\"220\" height=\"230\" srcset=\"https:\/\/svenciunamai.eu\/wp-content\/uploads\/2023\/03\/cukraus_vatos_gaminimo_aparatas.jpg 920w, https:\/\/svenciunamai.eu\/wp-content\/uploads\/2023\/03\/cukraus_vatos_gaminimo_aparatas-288x300.jpg 288w, https:\/\/svenciunamai.eu\/wp-content\/uploads\/2023\/03\/cukraus_vatos_gaminimo_aparatas-768x801.jpg 768w\" sizes=\"(max-width: 220px) 100vw, 220px\" \/><\/figure>\n<ul>\n<li>Esant poreikiui galima u\u017esakyti papildomas porcijas.<\/li>\n<li>Personalas sprag\u0117si\u0173 gaminimui 25 eur\/val.<\/li>\n<li>Galimas pristatymas \u012f renginio viet\u0105 (kaina derinama individualiai).<\/li>\n<li>Priva\u010dioms \u0161vent\u0117ms cukraus vatos gaminimo aparat\u0105 galime nuomoti be aptarnaujan\u010dio personalo, apmokome kaip naudotis \u012franga.<\/li>\n<li>Galime pasi\u016blyti spalvot\u0105 cukraus vat\u0105, kaina priklauso nuo u\u017esakom\u0173 porcij\u0173 kiekio.<\/li>\n<\/ul>\n<p>Galime pasi\u016blyti iki 20 aparat\u0173 vienai \u0161ventei, tad kad ir kiek vaiku\u010di\u0173 sugalvojote pakviesti \u012f savo rengin\u012f \u2013 laimingi liks visi! Galime aptarnauti renginius, kuriuose reikia pavai\u0161inti daugiau nei 10000 \u017emoni\u0173.<\/p>\n<!-- default-view.php -->\n<div\n\tclass=\"ngg-galleryoverview default-view \n\t\t\"\n\tid=\"ngg-gallery-f652d6f4651c8de3668ccf7c06eb09ad-1\">\n\n\t\t<!-- Thumbnails -->\n\t\t\t\t<div id=\"ngg-image-0\" class=\"ngg-gallery-thumbnail-box \n\t\t\t\t\t\t\t\t\t\t\t\" \n\t\t\t>\n\t\t\t\t\t\t<div class=\"ngg-gallery-thumbnail\">\n\t\t\t<a href=\"https:\/\/svenciunamai.eu\/wp-content\/gallery\/cukraus_vata\/cukraus_vata.jpg\"\n\t\t\t\ttitle=\"Cukraus vatos aparato nuoma\n\u0160ven\u010di\u0173 namai\nPaslaugos vaik\u0173 renginiams\"\n\t\t\t\tdata-src=\"https:\/\/svenciunamai.eu\/wp-content\/gallery\/cukraus_vata\/cukraus_vata.jpg\"\n\t\t\t\tdata-thumbnail=\"https:\/\/svenciunamai.eu\/wp-content\/gallery\/cukraus_vata\/thumbs\/thumbs-cukraus_vata.jpg\"\n\t\t\t\tdata-image-id=\"142\"\n\t\t\t\tdata-title=\"cukraus_vata\"\n\t\t\t\tdata-description=\"Cukraus vatos aparato nuoma\n\u0160ven\u010di\u0173 namai\nPaslaugos vaik\u0173 renginiams\"\n\t\t\t\tdata-image-slug=\"cukraus_vata\"\n\t\t\t\tclass=\"ngg-simplelightbox\" rel=\"f652d6f4651c8de3668ccf7c06eb09ad\">\n\t\t\t\t<img\n\t\t\t\t\ttitle=\"cukraus_vata\"\n\t\t\t\t\talt=\"cukraus_vata\"\n\t\t\t\t\tsrc=\"https:\/\/svenciunamai.eu\/wp-content\/gallery\/cukraus_vata\/thumbs\/thumbs-cukraus_vata.jpg\"\n\t\t\t\t\twidth=\"240\"\n\t\t\t\t\theight=\"160\"\n\t\t\t\t\tstyle=\"max-width:100%;\"\n\t\t\t\t\/>\n\t\t\t<\/a>\n\t\t<\/div>\n\t\t\t\t\t\t\t<\/div> \n\t\t\t\n\t\t\t\t<div id=\"ngg-image-1\" class=\"ngg-gallery-thumbnail-box \n\t\t\t\t\t\t\t\t\t\t\t\" \n\t\t\t>\n\t\t\t\t\t\t<div class=\"ngg-gallery-thumbnail\">\n\t\t\t<a href=\"https:\/\/svenciunamai.eu\/wp-content\/gallery\/cukraus_vata\/cukraus_vatos_aparatas.jpg\"\n\t\t\t\ttitle=\"Cukraus vatos aparato nuoma\n\u0160ven\u010di\u0173 namai\nPaslaugos vaik\u0173 renginiams\"\n\t\t\t\tdata-src=\"https:\/\/svenciunamai.eu\/wp-content\/gallery\/cukraus_vata\/cukraus_vatos_aparatas.jpg\"\n\t\t\t\tdata-thumbnail=\"https:\/\/svenciunamai.eu\/wp-content\/gallery\/cukraus_vata\/thumbs\/thumbs-cukraus_vatos_aparatas.jpg\"\n\t\t\t\tdata-image-id=\"143\"\n\t\t\t\tdata-title=\"cukraus_vatos_aparatas\"\n\t\t\t\tdata-description=\"Cukraus vatos aparato nuoma\n\u0160ven\u010di\u0173 namai\nPaslaugos vaik\u0173 renginiams\"\n\t\t\t\tdata-image-slug=\"cukraus_vatos_aparatas\"\n\t\t\t\tclass=\"ngg-simplelightbox\" rel=\"f652d6f4651c8de3668ccf7c06eb09ad\">\n\t\t\t\t<img\n\t\t\t\t\ttitle=\"cukraus_vatos_aparatas\"\n\t\t\t\t\talt=\"cukraus_vatos_aparatas\"\n\t\t\t\t\tsrc=\"https:\/\/svenciunamai.eu\/wp-content\/gallery\/cukraus_vata\/thumbs\/thumbs-cukraus_vatos_aparatas.jpg\"\n\t\t\t\t\twidth=\"240\"\n\t\t\t\t\theight=\"160\"\n\t\t\t\t\tstyle=\"max-width:100%;\"\n\t\t\t\t\/>\n\t\t\t<\/a>\n\t\t<\/div>\n\t\t\t\t\t\t\t<\/div> \n\t\t\t\n\t\t\t\t<div id=\"ngg-image-2\" class=\"ngg-gallery-thumbnail-box \n\t\t\t\t\t\t\t\t\t\t\t\" \n\t\t\t>\n\t\t\t\t\t\t<div class=\"ngg-gallery-thumbnail\">\n\t\t\t<a href=\"https:\/\/svenciunamai.eu\/wp-content\/gallery\/cukraus_vata\/cukraus_vata_renginiuose.jpg\"\n\t\t\t\ttitle=\"Cukraus vatos aparato nuoma\n\u0160ven\u010di\u0173 namai\nPaslaugos vaik\u0173 renginiams\"\n\t\t\t\tdata-src=\"https:\/\/svenciunamai.eu\/wp-content\/gallery\/cukraus_vata\/cukraus_vata_renginiuose.jpg\"\n\t\t\t\tdata-thumbnail=\"https:\/\/svenciunamai.eu\/wp-content\/gallery\/cukraus_vata\/thumbs\/thumbs-cukraus_vata_renginiuose.jpg\"\n\t\t\t\tdata-image-id=\"144\"\n\t\t\t\tdata-title=\"cukraus_vata_renginiuose\"\n\t\t\t\tdata-description=\"Cukraus vatos aparato nuoma\n\u0160ven\u010di\u0173 namai\nPaslaugos vaik\u0173 renginiams\"\n\t\t\t\tdata-image-slug=\"cukraus_vata_renginiuose\"\n\t\t\t\tclass=\"ngg-simplelightbox\" rel=\"f652d6f4651c8de3668ccf7c06eb09ad\">\n\t\t\t\t<img\n\t\t\t\t\ttitle=\"cukraus_vata_renginiuose\"\n\t\t\t\t\talt=\"cukraus_vata_renginiuose\"\n\t\t\t\t\tsrc=\"https:\/\/svenciunamai.eu\/wp-content\/gallery\/cukraus_vata\/thumbs\/thumbs-cukraus_vata_renginiuose.jpg\"\n\t\t\t\t\twidth=\"240\"\n\t\t\t\t\theight=\"160\"\n\t\t\t\t\tstyle=\"max-width:100%;\"\n\t\t\t\t\/>\n\t\t\t<\/a>\n\t\t<\/div>\n\t\t\t\t\t\t\t<\/div> \n\t\t\t\n\t\t\t\t<div id=\"ngg-image-3\" class=\"ngg-gallery-thumbnail-box \n\t\t\t\t\t\t\t\t\t\t\t\" \n\t\t\t>\n\t\t\t\t\t\t<div class=\"ngg-gallery-thumbnail\">\n\t\t\t<a href=\"https:\/\/svenciunamai.eu\/wp-content\/gallery\/cukraus_vata\/cukraus_vatos_aparato_nuoma.jpg\"\n\t\t\t\ttitle=\"Cukraus vatos aparato nuoma\n\u0160ven\u010di\u0173 namai\nPaslaugos vaik\u0173 renginiams\"\n\t\t\t\tdata-src=\"https:\/\/svenciunamai.eu\/wp-content\/gallery\/cukraus_vata\/cukraus_vatos_aparato_nuoma.jpg\"\n\t\t\t\tdata-thumbnail=\"https:\/\/svenciunamai.eu\/wp-content\/gallery\/cukraus_vata\/thumbs\/thumbs-cukraus_vatos_aparato_nuoma.jpg\"\n\t\t\t\tdata-image-id=\"145\"\n\t\t\t\tdata-title=\"cukraus_vatos_aparato_nuoma\"\n\t\t\t\tdata-description=\"Cukraus vatos aparato nuoma\n\u0160ven\u010di\u0173 namai\nPaslaugos vaik\u0173 renginiams\"\n\t\t\t\tdata-image-slug=\"cukraus_vatos_aparato_nuoma\"\n\t\t\t\tclass=\"ngg-simplelightbox\" rel=\"f652d6f4651c8de3668ccf7c06eb09ad\">\n\t\t\t\t<img\n\t\t\t\t\ttitle=\"cukraus_vatos_aparato_nuoma\"\n\t\t\t\t\talt=\"cukraus_vatos_aparato_nuoma\"\n\t\t\t\t\tsrc=\"https:\/\/svenciunamai.eu\/wp-content\/gallery\/cukraus_vata\/thumbs\/thumbs-cukraus_vatos_aparato_nuoma.jpg\"\n\t\t\t\t\twidth=\"240\"\n\t\t\t\t\theight=\"160\"\n\t\t\t\t\tstyle=\"max-width:100%;\"\n\t\t\t\t\/>\n\t\t\t<\/a>\n\t\t<\/div>\n\t\t\t\t\t\t\t<\/div> \n\t\t\t\n\t\t\t\t<div id=\"ngg-image-4\" class=\"ngg-gallery-thumbnail-box \n\t\t\t\t\t\t\t\t\t\t\t\" \n\t\t\t>\n\t\t\t\t\t\t<div class=\"ngg-gallery-thumbnail\">\n\t\t\t<a href=\"https:\/\/svenciunamai.eu\/wp-content\/gallery\/cukraus_vata\/cukraus_vata_imones_renginyje.jpg\"\n\t\t\t\ttitle=\"Cukraus vatos aparato nuoma\n\u0160ven\u010di\u0173 namai\nPaslaugos vaik\u0173 renginiams\"\n\t\t\t\tdata-src=\"https:\/\/svenciunamai.eu\/wp-content\/gallery\/cukraus_vata\/cukraus_vata_imones_renginyje.jpg\"\n\t\t\t\tdata-thumbnail=\"https:\/\/svenciunamai.eu\/wp-content\/gallery\/cukraus_vata\/thumbs\/thumbs-cukraus_vata_imones_renginyje.jpg\"\n\t\t\t\tdata-image-id=\"146\"\n\t\t\t\tdata-title=\"cukraus_vata_imones_renginyje\"\n\t\t\t\tdata-description=\"Cukraus vatos aparato nuoma\n\u0160ven\u010di\u0173 namai\nPaslaugos vaik\u0173 renginiams\"\n\t\t\t\tdata-image-slug=\"cukraus_vata_imones_renginyje\"\n\t\t\t\tclass=\"ngg-simplelightbox\" rel=\"f652d6f4651c8de3668ccf7c06eb09ad\">\n\t\t\t\t<img\n\t\t\t\t\ttitle=\"cukraus_vata_imones_renginyje\"\n\t\t\t\t\talt=\"cukraus_vata_imones_renginyje\"\n\t\t\t\t\tsrc=\"https:\/\/svenciunamai.eu\/wp-content\/gallery\/cukraus_vata\/thumbs\/thumbs-cukraus_vata_imones_renginyje.jpg\"\n\t\t\t\t\twidth=\"240\"\n\t\t\t\t\theight=\"160\"\n\t\t\t\t\tstyle=\"max-width:100%;\"\n\t\t\t\t\/>\n\t\t\t<\/a>\n\t\t<\/div>\n\t\t\t\t\t\t\t<\/div> \n\t\t\t\n\t\t\t\t<div id=\"ngg-image-5\" class=\"ngg-gallery-thumbnail-box \n\t\t\t\t\t\t\t\t\t\t\t\" \n\t\t\t>\n\t\t\t\t\t\t<div class=\"ngg-gallery-thumbnail\">\n\t\t\t<a href=\"https:\/\/svenciunamai.eu\/wp-content\/gallery\/cukraus_vata\/cukraus_vata_vaiku_renginiams.jpg\"\n\t\t\t\ttitle=\"Cukraus vatos aparato nuoma\n\u0160ven\u010di\u0173 namai\nPaslaugos vaik\u0173 renginiams\"\n\t\t\t\tdata-src=\"https:\/\/svenciunamai.eu\/wp-content\/gallery\/cukraus_vata\/cukraus_vata_vaiku_renginiams.jpg\"\n\t\t\t\tdata-thumbnail=\"https:\/\/svenciunamai.eu\/wp-content\/gallery\/cukraus_vata\/thumbs\/thumbs-cukraus_vata_vaiku_renginiams.jpg\"\n\t\t\t\tdata-image-id=\"147\"\n\t\t\t\tdata-title=\"cukraus_vata_vaiku_renginiams\"\n\t\t\t\tdata-description=\"Cukraus vatos aparato nuoma\n\u0160ven\u010di\u0173 namai\nPaslaugos vaik\u0173 renginiams\"\n\t\t\t\tdata-image-slug=\"cukraus_vata_vaiku_renginiams\"\n\t\t\t\tclass=\"ngg-simplelightbox\" rel=\"f652d6f4651c8de3668ccf7c06eb09ad\">\n\t\t\t\t<img\n\t\t\t\t\ttitle=\"cukraus_vata_vaiku_renginiams\"\n\t\t\t\t\talt=\"cukraus_vata_vaiku_renginiams\"\n\t\t\t\t\tsrc=\"https:\/\/svenciunamai.eu\/wp-content\/gallery\/cukraus_vata\/thumbs\/thumbs-cukraus_vata_vaiku_renginiams.jpg\"\n\t\t\t\t\twidth=\"240\"\n\t\t\t\t\theight=\"160\"\n\t\t\t\t\tstyle=\"max-width:100%;\"\n\t\t\t\t\/>\n\t\t\t<\/a>\n\t\t<\/div>\n\t\t\t\t\t\t\t<\/div> \n\t\t\t\n\t\t\t\t<div id=\"ngg-image-6\" class=\"ngg-gallery-thumbnail-box \n\t\t\t\t\t\t\t\t\t\t\t\" \n\t\t\t>\n\t\t\t\t\t\t<div class=\"ngg-gallery-thumbnail\">\n\t\t\t<a href=\"https:\/\/svenciunamai.eu\/wp-content\/gallery\/cukraus_vata\/cukraus_vatos_aparato_nuoma_Vilniuje.jpg\"\n\t\t\t\ttitle=\"Cukraus vatos aparato nuoma\n\u0160ven\u010di\u0173 namai\nPaslaugos vaik\u0173 renginiams\"\n\t\t\t\tdata-src=\"https:\/\/svenciunamai.eu\/wp-content\/gallery\/cukraus_vata\/cukraus_vatos_aparato_nuoma_Vilniuje.jpg\"\n\t\t\t\tdata-thumbnail=\"https:\/\/svenciunamai.eu\/wp-content\/gallery\/cukraus_vata\/thumbs\/thumbs-cukraus_vatos_aparato_nuoma_Vilniuje.jpg\"\n\t\t\t\tdata-image-id=\"148\"\n\t\t\t\tdata-title=\"cukraus_vatos_aparato_nuoma_Vilniuje\"\n\t\t\t\tdata-description=\"Cukraus vatos aparato nuoma\n\u0160ven\u010di\u0173 namai\nPaslaugos vaik\u0173 renginiams\"\n\t\t\t\tdata-image-slug=\"cukraus_vatos_aparato_nuoma_vilniuje\"\n\t\t\t\tclass=\"ngg-simplelightbox\" rel=\"f652d6f4651c8de3668ccf7c06eb09ad\">\n\t\t\t\t<img\n\t\t\t\t\ttitle=\"cukraus_vatos_aparato_nuoma_Vilniuje\"\n\t\t\t\t\talt=\"cukraus_vatos_aparato_nuoma_Vilniuje\"\n\t\t\t\t\tsrc=\"https:\/\/svenciunamai.eu\/wp-content\/gallery\/cukraus_vata\/thumbs\/thumbs-cukraus_vatos_aparato_nuoma_Vilniuje.jpg\"\n\t\t\t\t\twidth=\"240\"\n\t\t\t\t\theight=\"160\"\n\t\t\t\t\tstyle=\"max-width:100%;\"\n\t\t\t\t\/>\n\t\t\t<\/a>\n\t\t<\/div>\n\t\t\t\t\t\t\t<\/div> \n\t\t\t\n\t\t\t\t<div id=\"ngg-image-7\" class=\"ngg-gallery-thumbnail-box \n\t\t\t\t\t\t\t\t\t\t\t\" \n\t\t\t>\n\t\t\t\t\t\t<div class=\"ngg-gallery-thumbnail\">\n\t\t\t<a href=\"https:\/\/svenciunamai.eu\/wp-content\/gallery\/cukraus_vata\/cukraus_vatos_aparato_nuoma_vilnius.jpg\"\n\t\t\t\ttitle=\"Cukraus vatos aparato nuoma\n\u0160ven\u010di\u0173 namai\nPaslaugos vaik\u0173 renginiams\"\n\t\t\t\tdata-src=\"https:\/\/svenciunamai.eu\/wp-content\/gallery\/cukraus_vata\/cukraus_vatos_aparato_nuoma_vilnius.jpg\"\n\t\t\t\tdata-thumbnail=\"https:\/\/svenciunamai.eu\/wp-content\/gallery\/cukraus_vata\/thumbs\/thumbs-cukraus_vatos_aparato_nuoma_vilnius.jpg\"\n\t\t\t\tdata-image-id=\"149\"\n\t\t\t\tdata-title=\"cukraus_vatos_aparato_nuoma_vilnius\"\n\t\t\t\tdata-description=\"Cukraus vatos aparato nuoma\n\u0160ven\u010di\u0173 namai\nPaslaugos vaik\u0173 renginiams\"\n\t\t\t\tdata-image-slug=\"cukraus_vatos_aparato_nuoma_vilnius\"\n\t\t\t\tclass=\"ngg-simplelightbox\" rel=\"f652d6f4651c8de3668ccf7c06eb09ad\">\n\t\t\t\t<img\n\t\t\t\t\ttitle=\"cukraus_vatos_aparato_nuoma_vilnius\"\n\t\t\t\t\talt=\"cukraus_vatos_aparato_nuoma_vilnius\"\n\t\t\t\t\tsrc=\"https:\/\/svenciunamai.eu\/wp-content\/gallery\/cukraus_vata\/thumbs\/thumbs-cukraus_vatos_aparato_nuoma_vilnius.jpg\"\n\t\t\t\t\twidth=\"240\"\n\t\t\t\t\theight=\"160\"\n\t\t\t\t\tstyle=\"max-width:100%;\"\n\t\t\t\t\/>\n\t\t\t<\/a>\n\t\t<\/div>\n\t\t\t\t\t\t\t<\/div> \n\t\t\t\n\t\t\t\t<div id=\"ngg-image-8\" class=\"ngg-gallery-thumbnail-box \n\t\t\t\t\t\t\t\t\t\t\t\" \n\t\t\t>\n\t\t\t\t\t\t<div class=\"ngg-gallery-thumbnail\">\n\t\t\t<a href=\"https:\/\/svenciunamai.eu\/wp-content\/gallery\/cukraus_vata\/cukraus_vatos_Renginiu_organizavimas.jpg\"\n\t\t\t\ttitle=\"Cukraus vatos aparato nuoma\n\u0160ven\u010di\u0173 namai\nPaslaugos vaik\u0173 renginiams\"\n\t\t\t\tdata-src=\"https:\/\/svenciunamai.eu\/wp-content\/gallery\/cukraus_vata\/cukraus_vatos_Renginiu_organizavimas.jpg\"\n\t\t\t\tdata-thumbnail=\"https:\/\/svenciunamai.eu\/wp-content\/gallery\/cukraus_vata\/thumbs\/thumbs-cukraus_vatos_Renginiu_organizavimas.jpg\"\n\t\t\t\tdata-image-id=\"150\"\n\t\t\t\tdata-title=\"cukraus_vatos_Renginiu_organizavimas\"\n\t\t\t\tdata-description=\"Cukraus vatos aparato nuoma\n\u0160ven\u010di\u0173 namai\nPaslaugos vaik\u0173 renginiams\"\n\t\t\t\tdata-image-slug=\"cukraus_vatos_renginiu_organizavimas\"\n\t\t\t\tclass=\"ngg-simplelightbox\" rel=\"f652d6f4651c8de3668ccf7c06eb09ad\">\n\t\t\t\t<img\n\t\t\t\t\ttitle=\"cukraus_vatos_Renginiu_organizavimas\"\n\t\t\t\t\talt=\"cukraus_vatos_Renginiu_organizavimas\"\n\t\t\t\t\tsrc=\"https:\/\/svenciunamai.eu\/wp-content\/gallery\/cukraus_vata\/thumbs\/thumbs-cukraus_vatos_Renginiu_organizavimas.jpg\"\n\t\t\t\t\twidth=\"240\"\n\t\t\t\t\theight=\"160\"\n\t\t\t\t\tstyle=\"max-width:100%;\"\n\t\t\t\t\/>\n\t\t\t<\/a>\n\t\t<\/div>\n\t\t\t\t\t\t\t<\/div> \n\t\t\t\n\t\t\t\t<div id=\"ngg-image-9\" class=\"ngg-gallery-thumbnail-box \n\t\t\t\t\t\t\t\t\t\t\t\" \n\t\t\t>\n\t\t\t\t\t\t<div class=\"ngg-gallery-thumbnail\">\n\t\t\t<a href=\"https:\/\/svenciunamai.eu\/wp-content\/gallery\/cukraus_vata\/profesionalus_cukraus_vatos_aparatas.jpg\"\n\t\t\t\ttitle=\"Cukraus vatos aparato nuoma\n\u0160ven\u010di\u0173 namai\nPaslaugos vaik\u0173 renginiams\"\n\t\t\t\tdata-src=\"https:\/\/svenciunamai.eu\/wp-content\/gallery\/cukraus_vata\/profesionalus_cukraus_vatos_aparatas.jpg\"\n\t\t\t\tdata-thumbnail=\"https:\/\/svenciunamai.eu\/wp-content\/gallery\/cukraus_vata\/thumbs\/thumbs-profesionalus_cukraus_vatos_aparatas.jpg\"\n\t\t\t\tdata-image-id=\"151\"\n\t\t\t\tdata-title=\"profesionalus_cukraus_vatos_aparatas\"\n\t\t\t\tdata-description=\"Cukraus vatos aparato nuoma\n\u0160ven\u010di\u0173 namai\nPaslaugos vaik\u0173 renginiams\"\n\t\t\t\tdata-image-slug=\"profesionalus_cukraus_vatos_aparatas\"\n\t\t\t\tclass=\"ngg-simplelightbox\" rel=\"f652d6f4651c8de3668ccf7c06eb09ad\">\n\t\t\t\t<img\n\t\t\t\t\ttitle=\"profesionalus_cukraus_vatos_aparatas\"\n\t\t\t\t\talt=\"profesionalus_cukraus_vatos_aparatas\"\n\t\t\t\t\tsrc=\"https:\/\/svenciunamai.eu\/wp-content\/gallery\/cukraus_vata\/thumbs\/thumbs-profesionalus_cukraus_vatos_aparatas.jpg\"\n\t\t\t\t\twidth=\"240\"\n\t\t\t\t\theight=\"160\"\n\t\t\t\t\tstyle=\"max-width:100%;\"\n\t\t\t\t\/>\n\t\t\t<\/a>\n\t\t<\/div>\n\t\t\t\t\t\t\t<\/div> \n\t\t\t\n\t\t\t\t<div id=\"ngg-image-10\" class=\"ngg-gallery-thumbnail-box \n\t\t\t\t\t\t\t\t\t\t\t\" \n\t\t\t>\n\t\t\t\t\t\t<div class=\"ngg-gallery-thumbnail\">\n\t\t\t<a href=\"https:\/\/svenciunamai.eu\/wp-content\/gallery\/cukraus_vata\/Vaiku_renginiai_cukraus_vatos_aparato_nuoma.jpg\"\n\t\t\t\ttitle=\"Cukraus vatos aparato nuoma\n\u0160ven\u010di\u0173 namai\nPaslaugos vaik\u0173 renginiams\"\n\t\t\t\tdata-src=\"https:\/\/svenciunamai.eu\/wp-content\/gallery\/cukraus_vata\/Vaiku_renginiai_cukraus_vatos_aparato_nuoma.jpg\"\n\t\t\t\tdata-thumbnail=\"https:\/\/svenciunamai.eu\/wp-content\/gallery\/cukraus_vata\/thumbs\/thumbs-Vaiku_renginiai_cukraus_vatos_aparato_nuoma.jpg\"\n\t\t\t\tdata-image-id=\"152\"\n\t\t\t\tdata-title=\"Vaiku_renginiai_cukraus_vatos_aparato_nuoma\"\n\t\t\t\tdata-description=\"Cukraus vatos aparato nuoma\n\u0160ven\u010di\u0173 namai\nPaslaugos vaik\u0173 renginiams\"\n\t\t\t\tdata-image-slug=\"vaiku_renginiai_cukraus_vatos_aparato_nuoma\"\n\t\t\t\tclass=\"ngg-simplelightbox\" rel=\"f652d6f4651c8de3668ccf7c06eb09ad\">\n\t\t\t\t<img\n\t\t\t\t\ttitle=\"Vaiku_renginiai_cukraus_vatos_aparato_nuoma\"\n\t\t\t\t\talt=\"Vaiku_renginiai_cukraus_vatos_aparato_nuoma\"\n\t\t\t\t\tsrc=\"https:\/\/svenciunamai.eu\/wp-content\/gallery\/cukraus_vata\/thumbs\/thumbs-Vaiku_renginiai_cukraus_vatos_aparato_nuoma.jpg\"\n\t\t\t\t\twidth=\"240\"\n\t\t\t\t\theight=\"160\"\n\t\t\t\t\tstyle=\"max-width:100%;\"\n\t\t\t\t\/>\n\t\t\t<\/a>\n\t\t<\/div>\n\t\t\t\t\t\t\t<\/div> \n\t\t\t\n\t\t\t\t<div id=\"ngg-image-11\" class=\"ngg-gallery-thumbnail-box \n\t\t\t\t\t\t\t\t\t\t\t\" \n\t\t\t>\n\t\t\t\t\t\t<div class=\"ngg-gallery-thumbnail\">\n\t\t\t<a href=\"https:\/\/svenciunamai.eu\/wp-content\/gallery\/cukraus_vata\/vaiku_renginiu_organizavimas.jpg\"\n\t\t\t\ttitle=\"Cukraus vatos aparato nuoma\n\u0160ven\u010di\u0173 namai\nPaslaugos vaik\u0173 renginiams\"\n\t\t\t\tdata-src=\"https:\/\/svenciunamai.eu\/wp-content\/gallery\/cukraus_vata\/vaiku_renginiu_organizavimas.jpg\"\n\t\t\t\tdata-thumbnail=\"https:\/\/svenciunamai.eu\/wp-content\/gallery\/cukraus_vata\/thumbs\/thumbs-vaiku_renginiu_organizavimas.jpg\"\n\t\t\t\tdata-image-id=\"153\"\n\t\t\t\tdata-title=\"vaiku_renginiu_organizavimas\"\n\t\t\t\tdata-description=\"Cukraus vatos aparato nuoma\n\u0160ven\u010di\u0173 namai\nPaslaugos vaik\u0173 renginiams\"\n\t\t\t\tdata-image-slug=\"vaiku_renginiu_organizavimas\"\n\t\t\t\tclass=\"ngg-simplelightbox\" rel=\"f652d6f4651c8de3668ccf7c06eb09ad\">\n\t\t\t\t<img\n\t\t\t\t\ttitle=\"vaiku_renginiu_organizavimas\"\n\t\t\t\t\talt=\"vaiku_renginiu_organizavimas\"\n\t\t\t\t\tsrc=\"https:\/\/svenciunamai.eu\/wp-content\/gallery\/cukraus_vata\/thumbs\/thumbs-vaiku_renginiu_organizavimas.jpg\"\n\t\t\t\t\twidth=\"240\"\n\t\t\t\t\theight=\"160\"\n\t\t\t\t\tstyle=\"max-width:100%;\"\n\t\t\t\t\/>\n\t\t\t<\/a>\n\t\t<\/div>\n\t\t\t\t\t\t\t<\/div> \n\t\t\t\n\t\n\t<br style=\"clear: both\" \/>\n\n\t\n\t\t<!-- Pagination -->\n\t\t<div class='ngg-clear'><\/div>\t<\/div>\n\n","protected":false},"excerpt":{"rendered":"<p>Profesionalaus cukraus vatos aparato nuoma \u2013 45 eur. +DOVANA priemon\u0117s 40 porcij\u0173 Esant poreikiui galima u\u017esakyti papildomas porcijas. Personalas sprag\u0117si\u0173 gaminimui 25 eur\/val. Galimas pristatymas \u012f renginio viet\u0105 (kaina derinama individualiai). Priva\u010dioms \u0161vent\u0117ms cukraus vatos gaminimo aparat\u0105 galime nuomoti be aptarnaujan\u010dio personalo, apmokome kaip naudotis \u012franga. Galime pasi\u016blyti spalvot\u0105 cukraus vat\u0105, kaina priklauso nuo u\u017esakom\u0173 &hellip;<\/p>\n","protected":false},"author":1,"featured_media":0,"parent":0,"menu_order":0,"comment_status":"closed","ping_status":"closed","template":"","meta":{"ngg_post_thumbnail":0,"footnotes":""},"class_list":["post-1462","page","type-page","status-publish","hentry","no-thumb"],"_links":{"self":[{"href":"https:\/\/svenciunamai.eu\/index.php?rest_route=\/wp\/v2\/pages\/1462","targetHints":{"allow":["GET"]}}],"collection":[{"href":"https:\/\/svenciunamai.eu\/index.php?rest_route=\/wp\/v2\/pages"}],"about":[{"href":"https:\/\/svenciunamai.eu\/index.php?rest_route=\/wp\/v2\/types\/page"}],"author":[{"embeddable":true,"href":"https:\/\/svenciunamai.eu\/index.php?rest_route=\/wp\/v2\/users\/1"}],"replies":[{"embeddable":true,"href":"https:\/\/svenciunamai.eu\/index.php?rest_route=%2Fwp%2Fv2%2Fcomments&post=1462"}],"version-history":[{"count":30,"href":"https:\/\/svenciunamai.eu\/index.php?rest_route=\/wp\/v2\/pages\/1462\/revisions"}],"predecessor-version":[{"id":2655,"href":"https:\/\/svenciunamai.eu\/index.php?rest_route=\/wp\/v2\/pages\/1462\/revisions\/2655"}],"wp:attachment":[{"href":"https:\/\/svenciunamai.eu\/index.php?rest_route=%2Fwp%2Fv2%2Fmedia&parent=1462"}],"curies":[{"name":"wp","href":"https:\/\/api.w.org\/{rel}","templated":true}]}}