{"id":1449,"date":"2023-03-14T11:54:09","date_gmt":"2023-03-14T09:54:09","guid":{"rendered":"https:\/\/svenciunamai.eu\/?page_id=1449"},"modified":"2025-05-06T09:56:01","modified_gmt":"2025-05-06T06:56:01","slug":"animatoriai","status":"publish","type":"page","link":"https:\/\/svenciunamai.eu\/?page_id=1449","title":{"rendered":"Animatoriai"},"content":{"rendered":"\t\t<div data-elementor-type=\"wp-page\" data-elementor-id=\"1449\" class=\"elementor elementor-1449\">\n\t\t\t\t\t\t<section class=\"elementor-section elementor-top-section elementor-element elementor-element-543b9b48 elementor-section-boxed elementor-section-height-default elementor-section-height-default\" data-id=\"543b9b48\" data-element_type=\"section\" data-e-type=\"section\">\n\t\t\t\t\t\t<div class=\"elementor-container elementor-column-gap-default\">\n\t\t\t\t\t<div class=\"elementor-column elementor-col-100 elementor-top-column elementor-element elementor-element-5dc1142a\" data-id=\"5dc1142a\" data-element_type=\"column\" data-e-type=\"column\">\n\t\t\t<div class=\"elementor-widget-wrap elementor-element-populated\">\n\t\t\t\t\t\t<div class=\"elementor-element elementor-element-220d58da elementor-widget__width-initial elementor-widget elementor-widget-text-editor\" data-id=\"220d58da\" data-element_type=\"widget\" data-e-type=\"widget\" data-widget_type=\"text-editor.default\">\n\t\t\t\t<div class=\"elementor-widget-container\">\n\t\t\t\t\t\t\t\t\t<p><\/p>\n<h4 class=\"wp-block-heading\">Animatoriai neatsiejama vaik\u0173 \u0161ven\u010di\u0173 dalis!<\/h4>\n<p><\/p>\n<figure><img decoding=\"async\" style=\"width: 415px; height: auto;\" src=\"https:\/\/svenciunamai.eu\/wp-content\/uploads\/2024\/04\/vienarage-1024x662.jpg\" alt=\"\"><\/figure>\n<p><\/p>\n<p>Jei organizuojate gimtadien\u012f, krik\u0161tynas ar kit\u0105 rengin\u012f, kuriame reikalingas u\u017eimtumas ir pramogos vaikams \u2013 animatorius jums labai pagelb\u0117s! Jis sukurs puiki\u0105 nuotaik\u0105, pritaikys \u017eaidimus ir pramogas ma\u017eiesiems, pakalbins ir prad\u017eiugins kiekvien\u0105 vaik\u0105. Animatori\u0173 programos kiekvienu atveju derinamos individualiai pagal j\u016bs\u0173 \u0161vent\u0117s format\u0105, ma\u017e\u0173j\u0173 skai\u010di\u0173 bei am\u017ei\u0173 ir renginio trukm\u0119.<\/p>\n<p><\/p>\n<p><\/p>\n<h6 class=\"wp-block-heading\"><strong>Animatoriaus program\u0105 gali sudaryti:<\/strong><\/h6>\n<p><\/p>\n<ul class=\"wp-block-list\"><p><\/p>\n<li>Veiduk\u0173 pie\u0161imas<\/li>\n<p><\/p>\n<li>Blizgan\u010dios tattoo<\/li>\n<p><\/p>\n<li>Plauk\u0173 da\u017eymas<\/li>\n<p><\/p>\n<li>Balion\u0173 lankstymas<\/li>\n<p><\/p>\n<li>\u0160okiai, u\u017eduotys ir \u017eaidimai<\/li>\n<p><\/p>\n<li>Muilo burbul\u0173 fiesta<\/li>\n<p><\/p>\n<li>\u0160ventinio plakato pie\u0161imas<\/li>\n<p><\/p>\n<li>Torto ceremonija<\/li>\n<p><\/p>\n<li>MisteryBox<\/li>\n<p><\/p>\n<li>Sprag\u0117si\u0173 ir cukraus vatos gaminimas<\/li>\n<p><\/p>\n<\/ul>\n<p><\/p>\n<p>Kaina: nuo 90 eur\/val*<\/p>\n<p><\/p>\n<p>*kaina priklauso nuo pasirinktos programos bei trukm\u0117s<\/p>\n<p><br><\/p>\n<p><strong style=\"letter-spacing: 0em; text-align: inherit; color: rgb(51, 51, 51); font-size: 22px;\">Temin\u0117s programos:<\/strong><\/p>\n<ul>\n<li>Hyper aktyvus linksmadienis<\/li>\n<li>TV viktorina<\/li>\n<li>Princesi\u0173 gimtadienis<\/li>\n<li>Burbul\u0173 fiesta<\/li>\n<li>Pirat\u0173 lobio paie\u0161kos<\/li>\n<li>Gro\u017eio salonas<\/li>\n<li>Vakar\u0117lis su Tre\u010diadiene<\/li>\n<li>Barb\u0117s programa<\/li>\n<\/ul>\n<p><\/p>\n<p><strong>Persona\u017eai vaik\u0173 \u0161vent\u0117ms<\/strong><\/p>\n<p><\/p>\n<figure><img decoding=\"async\" src=\"https:\/\/svenciunamai.eu\/wp-content\/uploads\/2024\/04\/Suniukai_patruliai_animatoriai_Svenciu_namai-683x1024.jpg\" alt=\"\" style=\"letter-spacing: 0em;\"><\/figure><figure>\n<p><\/p>\n<figure><img decoding=\"async\" src=\"https:\/\/svenciunamai.eu\/wp-content\/uploads\/2024\/04\/Supermario_animatoriai_Svenciu_namai-683x1024.jpg\" alt=\"\"><\/figure>\n<p><\/p>\n<figure><img decoding=\"async\" src=\"https:\/\/svenciunamai.eu\/wp-content\/uploads\/2024\/04\/Vienarage_animatoriai_Svenciu_namai-683x1024.jpg\" alt=\"\"><\/figure>\n<p><\/p>\n<figure><img decoding=\"async\" src=\"https:\/\/svenciunamai.eu\/wp-content\/uploads\/2024\/04\/Supermenas_animatoriai_Svenciu_namai-683x1024.jpg\" alt=\"\"><\/figure>\n<p><\/p>\n<figure><img decoding=\"async\" src=\"https:\/\/svenciunamai.eu\/wp-content\/uploads\/2024\/04\/Vienaragis_animatoriai_Svenciu_namai-683x1024.jpg\" alt=\"\"><\/figure>\n<p><\/p>\n<figure><img decoding=\"async\" src=\"https:\/\/svenciunamai.eu\/wp-content\/uploads\/2024\/04\/Zirafa_animatoriai_Svenciu_namai-683x1024.jpg\" alt=\"\"><\/figure>\n<p><\/p>\n<figure><img decoding=\"async\" src=\"https:\/\/svenciunamai.eu\/wp-content\/uploads\/2024\/04\/Supermoteris_animatoriai_Svenciu_namai-683x1024.jpg\" alt=\"\"><\/figure>\n<p><\/p>\n<figure><img decoding=\"async\" src=\"https:\/\/svenciunamai.eu\/wp-content\/uploads\/2024\/04\/Zmogus_Voras_animatoriai_Svenciu_namai-683x1024.jpg\" alt=\"\"><\/figure>\n<p><\/p>\n<figure><img decoding=\"async\" src=\"https:\/\/svenciunamai.eu\/wp-content\/uploads\/2024\/04\/Treciadiene_animatoriai_Svenciu_namai-683x1024.jpg\" alt=\"\"><\/figure>\n<p><\/p>\n<figure><img decoding=\"async\" src=\"https:\/\/svenciunamai.eu\/wp-content\/uploads\/2024\/04\/Sonic_animatoriai_Svenciu_namai-683x1024.jpg\" alt=\"\"><\/figure>\n<p><\/p>\n<figure><img decoding=\"async\" src=\"https:\/\/svenciunamai.eu\/wp-content\/uploads\/2024\/04\/Songokas_animatoriai_Svenciu_namai-683x1024.jpg\" alt=\"\"><\/figure>\n<p><\/p>\n<figure><img decoding=\"async\" src=\"https:\/\/svenciunamai.eu\/wp-content\/uploads\/2024\/04\/Ana_animatoriai_Svenciu_namai-683x1024.jpg\" alt=\"\"><\/figure>\n<p><\/p>\n<figure><img decoding=\"async\" src=\"https:\/\/svenciunamai.eu\/wp-content\/uploads\/2024\/04\/Smurfyte_animatoriai_Svenciu_namai-683x1024.jpg\" alt=\"\"><\/figure>\n<p><\/p>\n<figure><img decoding=\"async\" src=\"https:\/\/svenciunamai.eu\/wp-content\/uploads\/2024\/04\/animatoriai_berniukams_Svenciu_namai-1-683x1024.jpg\" alt=\"\"><\/figure>\n<p><\/p>\n<figure><img decoding=\"async\" src=\"https:\/\/svenciunamai.eu\/wp-content\/uploads\/2024\/04\/Piratas_animatoriai_Svenciu_namai-683x1024.jpg\" alt=\"\"><\/figure>\n<p><\/p>\n<figure><img decoding=\"async\" src=\"https:\/\/svenciunamai.eu\/wp-content\/uploads\/2024\/04\/Piratu_lobis_animatoriai_Svenciu_namai-683x1024.jpg\" alt=\"\"><\/figure>\n<p><\/p>\n<figure><img decoding=\"async\" src=\"https:\/\/svenciunamai.eu\/wp-content\/uploads\/2024\/04\/Popyte_animatoriai_Svenciu_namai-683x1024.jpg\" alt=\"\"><\/figure>\n<p><\/p>\n<figure><img decoding=\"async\" src=\"https:\/\/svenciunamai.eu\/wp-content\/uploads\/2024\/04\/Princese_animatoriai_Svenciu_namai-683x1024.jpg\" alt=\"\"><\/figure>\n<p><\/p>\n<figure><img decoding=\"async\" src=\"https:\/\/svenciunamai.eu\/wp-content\/uploads\/2024\/04\/skye_animatoriai_Svenciu_namai-683x1024.jpg\" alt=\"\"><\/figure>\n<p><\/p>\n<figure><img decoding=\"async\" src=\"https:\/\/svenciunamai.eu\/wp-content\/uploads\/2024\/04\/Piratai_animatoriai_Svenciu_namai-683x1024.jpg\" alt=\"\"><\/figure>\n<p><\/p>\n<figure><img decoding=\"async\" src=\"https:\/\/svenciunamai.eu\/wp-content\/uploads\/2024\/04\/Pimpackiukai_animatoriai_Svenciu_namai-683x1024.jpg\" alt=\"\"><\/figure>\n<p><\/p>\n<figure><img decoding=\"async\" src=\"https:\/\/svenciunamai.eu\/wp-content\/uploads\/2024\/04\/Minionai_animatoriai_Svenciu_namai-683x1024.jpg\" alt=\"\"><\/figure>\n<p><\/p>\n<figure><img decoding=\"async\" src=\"https:\/\/svenciunamai.eu\/wp-content\/uploads\/2024\/04\/Pakalikai_animatoriai_Svenciu_namai-683x1024.jpg\" alt=\"\"><\/figure>\n<p><\/p>\n<figure><img decoding=\"async\" src=\"https:\/\/svenciunamai.eu\/wp-content\/uploads\/2024\/04\/Personazai_Vilniuje_Svenciu_namai-683x1024.jpg\" alt=\"\"><\/figure>\n<p><\/p>\n<figure><img decoding=\"async\" src=\"https:\/\/svenciunamai.eu\/wp-content\/uploads\/2024\/04\/Minecraft_animatoriai_Svenciu_namai-683x1024.jpg\" alt=\"\"><\/figure>\n<p><\/p>\n<figure><img decoding=\"async\" src=\"https:\/\/svenciunamai.eu\/wp-content\/uploads\/2024\/04\/Pelyte_Mine_animatoriai_Svenciu_namai-683x1024.jpg\" alt=\"\"><\/figure>\n<p><\/p>\n<figure><img decoding=\"async\" src=\"https:\/\/svenciunamai.eu\/wp-content\/uploads\/2024\/04\/Mikis_animatoriai_Svenciu_namai-683x1024.jpg\" alt=\"\"><\/figure>\n<p><\/p>\n<figure><img decoding=\"async\" src=\"https:\/\/svenciunamai.eu\/wp-content\/uploads\/2024\/04\/Peliukai_animatoriai_Svenciu_namai-683x1024.jpg\" alt=\"\"><\/figure>\n<p><\/p>\n<figure><img decoding=\"async\" src=\"https:\/\/svenciunamai.eu\/wp-content\/uploads\/2024\/04\/Marsalas_animatoriai_Svenciu_namai-683x1024.jpg\" alt=\"\"><\/figure>\n<p><\/p>\n<figure><img decoding=\"async\" src=\"https:\/\/svenciunamai.eu\/wp-content\/uploads\/2024\/04\/Panda_animatoriai_Svenciu_namai-683x1024.jpg\" alt=\"\"><\/figure>\n<p><\/p>\n<figure><img decoding=\"async\" src=\"https:\/\/svenciunamai.eu\/wp-content\/uploads\/2024\/04\/Lobio_paieskos_animatoriai_Svenciu_namai-683x1024.jpg\" alt=\"\"><\/figure>\n<p><\/p>\n<figure><img decoding=\"async\" src=\"https:\/\/svenciunamai.eu\/wp-content\/uploads\/2024\/04\/Feja_animatoriai_Svenciu_namai-683x1024.jpg\" alt=\"\"><\/figure>\n<p><\/p>\n<figure><img decoding=\"async\" src=\"https:\/\/svenciunamai.eu\/wp-content\/uploads\/2024\/04\/Bitute_animatoriai_Svenciu_namai-683x1024.jpg\" alt=\"\"><\/figure>\n<p><\/p>\n<figure><img decoding=\"async\" src=\"https:\/\/svenciunamai.eu\/wp-content\/uploads\/2024\/04\/Kaledu_programa_animatoriai_Svenciu_namai-683x1024.jpg\" alt=\"\"><\/figure>\n<p><\/p>\n<figure><img decoding=\"async\" src=\"https:\/\/svenciunamai.eu\/wp-content\/uploads\/2024\/04\/Boruzele_Popyte_animatoriai_Svenciu_namai-682x1024.jpg\" alt=\"\"><\/figure>\n<p><\/p>\n<figure><img decoding=\"async\" src=\"https:\/\/svenciunamai.eu\/wp-content\/uploads\/2024\/04\/Kaledu_senelis_Vilniuje_animatoriai_Svenciu_namai-683x1024.jpg\" alt=\"\"><\/figure>\n<p><\/p>\n<figure><img decoding=\"async\" src=\"https:\/\/svenciunamai.eu\/wp-content\/uploads\/2024\/04\/Chase_animatoriai_Svenciu_namai-683x1024.jpg\" alt=\"\"><\/figure>\n<p><\/p>\n<figure><img decoding=\"async\" src=\"https:\/\/svenciunamai.eu\/wp-content\/uploads\/2024\/04\/Kempiniukas_animatoriai_Svenciu_namai-683x1024.jpg\" alt=\"\"><\/figure>\n<p><\/p>\n<figure><img decoding=\"async\" src=\"https:\/\/svenciunamai.eu\/wp-content\/uploads\/2024\/04\/Drugelis_animatoriai_Svenciu_namai-683x1024.jpg\" alt=\"\"><\/figure>\n<p><\/p>\n<figure><img decoding=\"async\" src=\"https:\/\/svenciunamai.eu\/wp-content\/uploads\/2024\/04\/Klounas_animatoriai_Svenciu_namai-683x1024.jpg\" alt=\"\"><\/figure>\n<p><\/p>\n<figure><img decoding=\"async\" src=\"https:\/\/svenciunamai.eu\/wp-content\/uploads\/2024\/04\/elfas_animatoriai_Svenciu_namai-683x1024.jpg\" alt=\"\"><\/figure>\n<p><\/p>\n<figure><img decoding=\"async\" src=\"https:\/\/svenciunamai.eu\/wp-content\/uploads\/2024\/04\/Ladybug_animatoriai_Svenciu_namai-683x1024.jpg\" alt=\"\"><\/figure>\n<p><\/p>\n<figure><img decoding=\"async\" src=\"https:\/\/svenciunamai.eu\/wp-content\/uploads\/2024\/04\/Elza_animatoriai_Svenciu_namai-683x1024.jpg\" alt=\"\"><\/figure>\n<p><\/p>\n<figure><img decoding=\"async\" src=\"https:\/\/svenciunamai.eu\/wp-content\/uploads\/2024\/04\/Betmenas_animatoriai_Svenciu_namai-683x1024.jpg\" alt=\"\"><\/figure>\n<p><\/p>\n<figure><img decoding=\"async\" src=\"https:\/\/svenciunamai.eu\/wp-content\/uploads\/2024\/04\/Barbe_animatoriai_Svenciu_namai-683x1024.jpg\" alt=\"\"><\/figure>\n<p><\/p>\n<figure><img decoding=\"async\" src=\"https:\/\/svenciunamai.eu\/wp-content\/uploads\/2024\/04\/Animatoriai_Vilniuje_Svenciu_namai-683x1024.jpg\" alt=\"\"><\/figure>\n<p><\/p>\n<figure><img decoding=\"async\" src=\"https:\/\/svenciunamai.eu\/wp-content\/uploads\/2024\/04\/Animatoriai_Svenciu_namai-683x1024.jpg\" alt=\"\"><\/figure>\n<p><\/p>\n<figure><img decoding=\"async\" src=\"https:\/\/svenciunamai.eu\/wp-content\/uploads\/2024\/04\/animatoriai_berniukams_Svenciu_namai-683x1024.jpg\" alt=\"\"><\/figure>\n<p><\/p>\n<\/figure>\n<p><!-- \/wp:gallery --><\/p>\t\t\t\t\t\t\t\t<\/div>\n\t\t\t\t<\/div>\n\t\t\t\t\t<\/div>\n\t\t<\/div>\n\t\t\t\t\t<\/div>\n\t\t<\/section>\n\t\t\t\t<section class=\"elementor-section elementor-top-section elementor-element elementor-element-15efec1 elementor-section-content-top elementor-section-boxed elementor-section-height-default elementor-section-height-default\" data-id=\"15efec1\" data-element_type=\"section\" data-e-type=\"section\">\n\t\t\t\t\t\t<div class=\"elementor-container elementor-column-gap-default\">\n\t\t\t\t\t<div class=\"elementor-column elementor-col-100 elementor-top-column elementor-element elementor-element-324bbf2\" data-id=\"324bbf2\" data-element_type=\"column\" data-e-type=\"column\">\n\t\t\t<div class=\"elementor-widget-wrap elementor-element-populated\">\n\t\t\t\t\t\t<div class=\"elementor-element elementor-element-9b67b6e elementor-widget elementor-widget-text-editor\" data-id=\"9b67b6e\" data-element_type=\"widget\" data-e-type=\"widget\" data-widget_type=\"text-editor.default\">\n\t\t\t\t<div class=\"elementor-widget-container\">\n\t\t\t\t\t\t\t\t\t<p style=\"box-sizing: border-box; margin: 0px;\">\u00a0<\/p>\n<p style=\"box-sizing: border-box; margin: 0px 0px 25px;\">\u00a0<\/p>\n<p style=\"box-sizing: border-box; margin: 0px 0px 25px;\">\u00a0<\/p>\n<figure style=\"margin: 0px; box-sizing: border-box; display: block;\">\n<p style=\"box-sizing: border-box; margin: 0px 0px 25px; color: #777777; font-family: 'Hind Siliguri', sans-serif; font-size: 18px; font-style: normal; font-variant-ligatures: normal; font-variant-caps: normal; font-weight: 300; letter-spacing: normal; orphans: 2; text-align: left; text-indent: 0px; text-transform: none; widows: 2; word-spacing: 0px; -webkit-text-stroke-width: 0px; white-space: normal; background-color: #ffffff; text-decoration-thickness: initial; text-decoration-style: initial; text-decoration-color: initial;\">\u00a0<\/p>\n<\/figure>\n<figure style=\"margin: 0px; box-sizing: border-box; display: block;\">\n<table style=\"box-sizing: border-box; border-collapse: collapse; border-spacing: 0px; margin: 0px 0px 1.5em; width: 1157.2px; max-width: 100%; border: 1px solid #ececee;\">\n<tbody style=\"box-sizing: border-box;\">\n<tr style=\"box-sizing: border-box;\">\n<td style=\"box-sizing: border-box; padding: 5px; vertical-align: top; border: 1px solid #ececee;\" data-align=\"center\">Ana<\/td>\n<td style=\"box-sizing: border-box; padding: 5px; vertical-align: top; border: 1px solid #ececee;\" data-align=\"center\">Ateivuk\u0117 Maja<\/td>\n<td style=\"box-sizing: border-box; padding: 5px; vertical-align: top; border: 1px solid #ececee;\" data-align=\"center\">Ateivuk\u0117 Taja<\/td>\n<td style=\"box-sizing: border-box; padding: 5px; vertical-align: top; border: 1px solid #ececee;\" data-align=\"center\">Betmenas<\/td>\n<td style=\"box-sizing: border-box; padding: 5px; vertical-align: top; border: 1px solid #ececee;\" data-align=\"center\">Drugeli\u0173 f\u0117ja<\/td>\n<\/tr>\n<tr style=\"box-sizing: border-box;\">\n<td style=\"box-sizing: border-box; padding: 5px; vertical-align: top; border: 1px solid #ececee;\" data-align=\"center\">Elfas<\/td>\n<td style=\"box-sizing: border-box; padding: 5px; vertical-align: top; border: 1px solid #ececee;\" data-align=\"center\">Elza<\/td>\n<td style=\"box-sizing: border-box; padding: 5px; vertical-align: top; border: 1px solid #ececee;\" data-align=\"center\">Flamingas<\/td>\n<td style=\"box-sizing: border-box; padding: 5px; vertical-align: top; border: 1px solid #ececee;\" data-align=\"center\">Hermiona<\/td>\n<td style=\"box-sizing: border-box; padding: 5px; vertical-align: top; border: 1px solid #ececee;\" data-align=\"center\">Kempiniukas<\/td>\n<\/tr>\n<tr style=\"box-sizing: border-box;\">\n<td style=\"box-sizing: border-box; padding: 5px; vertical-align: top; border: 1px solid #ececee;\" data-align=\"center\">Kloun\u0117<\/td>\n<td style=\"box-sizing: border-box; padding: 5px; vertical-align: top; border: 1px solid #ececee;\" data-align=\"center\">Ledi boru\u017e\u0117<\/td>\n<td style=\"box-sizing: border-box; padding: 5px; vertical-align: top; border: 1px solid #ececee;\" data-align=\"center\">L\u0117lyt\u0117 LOL<\/td>\n<td style=\"box-sizing: border-box; padding: 5px; vertical-align: top; border: 1px solid #ececee;\" data-align=\"center\">Minecraft Styvas<\/td>\n<td style=\"box-sizing: border-box; padding: 5px; vertical-align: top; border: 1px solid #ececee;\" data-align=\"center\">Panda<\/td>\n<\/tr>\n<tr style=\"box-sizing: border-box;\">\n<td style=\"box-sizing: border-box; padding: 5px; vertical-align: top; border: 1px solid #ececee;\" data-align=\"center\">Patrul\u0117 Skye<\/td>\n<td style=\"box-sizing: border-box; padding: 5px; vertical-align: top; border: 1px solid #ececee;\" data-align=\"center\">Patrulis \u010ceisas<\/td>\n<td style=\"box-sizing: border-box; padding: 5px; vertical-align: top; border: 1px solid #ececee;\" data-align=\"center\">Patrulis Mar\u0161alas<\/td>\n<td style=\"box-sizing: border-box; padding: 5px; vertical-align: top; border: 1px solid #ececee;\" data-align=\"center\">Peliukas Mikis<\/td>\n<td style=\"box-sizing: border-box; padding: 5px; vertical-align: top; border: 1px solid #ececee;\" data-align=\"center\">Pelyt\u0117 Min\u0117<\/td>\n<\/tr>\n<tr style=\"box-sizing: border-box;\">\n<td style=\"box-sizing: border-box; padding: 5px; vertical-align: top; border: 1px solid #ececee;\" data-align=\"center\">Pimpa\u010dkiukas<\/td>\n<td style=\"box-sizing: border-box; padding: 5px; vertical-align: top; border: 1px solid #ececee;\" data-align=\"center\">Pirat\u0117<\/td>\n<td style=\"box-sizing: border-box; padding: 5px; vertical-align: top; border: 1px solid #ececee;\" data-align=\"center\">Princes\u0117<\/td>\n<td style=\"box-sizing: border-box; padding: 5px; vertical-align: top; border: 1px solid #ececee;\" data-align=\"center\">Raganait\u0117<\/td>\n<td style=\"box-sizing: border-box; padding: 5px; vertical-align: top; border: 1px solid #ececee;\" data-align=\"center\">Sajanas Gokas<\/td>\n<\/tr>\n<tr style=\"box-sizing: border-box;\">\n<td style=\"box-sizing: border-box; padding: 5px; vertical-align: top; border: 1px solid #ececee;\" data-align=\"center\">Smurfyt\u0117<\/td>\n<td style=\"box-sizing: border-box; padding: 5px; vertical-align: top; border: 1px solid #ececee;\" data-align=\"center\">Snieguol\u0117<\/td>\n<td style=\"box-sizing: border-box; padding: 5px; vertical-align: top; border: 1px solid #ececee;\" data-align=\"center\">Sonikas<\/td>\n<td style=\"box-sizing: border-box; padding: 5px; vertical-align: top; border: 1px solid #ececee;\" data-align=\"center\">Super mergina<\/td>\n<td style=\"box-sizing: border-box; padding: 5px; vertical-align: top; border: 1px solid #ececee;\" data-align=\"center\">Tre\u010diadien\u0117<\/td>\n<\/tr>\n<tr style=\"box-sizing: border-box;\">\n<td style=\"box-sizing: border-box; padding: 5px; vertical-align: top; border: 1px solid #ececee;\" data-align=\"center\">Trol\u0117 Popp\u0117<\/td>\n<td style=\"box-sizing: border-box; padding: 5px; vertical-align: top; border: 1px solid #ececee;\" data-align=\"center\">Undin\u0117l\u0117<\/td>\n<td style=\"box-sizing: border-box; padding: 5px; vertical-align: top; border: 1px solid #ececee;\" data-align=\"center\">Vienarag\u0117<\/td>\n<td style=\"box-sizing: border-box; padding: 5px; vertical-align: top; border: 1px solid #ececee;\" data-align=\"center\">\u017dmogus \u2013 voras<\/td>\n<td style=\"box-sizing: border-box; padding: 5px; vertical-align: top; border: 1px solid #ececee;\" data-align=\"center\">\u00a0<\/td>\n<\/tr>\n<\/tbody>\n<\/table>\n<\/figure>\t\t\t\t\t\t\t\t<\/div>\n\t\t\t\t<\/div>\n\t\t\t\t\t<\/div>\n\t\t<\/div>\n\t\t\t\t\t<\/div>\n\t\t<\/section>\n\t\t\t\t<\/div>\n\t\t","protected":false},"excerpt":{"rendered":"<p>Animatoriai neatsiejama vaik\u0173 \u0161ven\u010di\u0173 dalis! Jei organizuojate gimtadien\u012f, krik\u0161tynas ar kit\u0105 rengin\u012f, kuriame reikalingas u\u017eimtumas ir pramogos vaikams \u2013 animatorius jums labai pagelb\u0117s! Jis sukurs puiki\u0105 nuotaik\u0105, pritaikys \u017eaidimus ir pramogas ma\u017eiesiems, pakalbins ir prad\u017eiugins kiekvien\u0105 vaik\u0105. Animatori\u0173 programos kiekvienu atveju derinamos individualiai pagal j\u016bs\u0173 \u0161vent\u0117s format\u0105, ma\u017e\u0173j\u0173 skai\u010di\u0173 bei am\u017ei\u0173 ir renginio trukm\u0119. Animatoriaus &hellip;<\/p>\n","protected":false},"author":1,"featured_media":0,"parent":0,"menu_order":0,"comment_status":"closed","ping_status":"closed","template":"","meta":{"ngg_post_thumbnail":0,"footnotes":""},"class_list":["post-1449","page","type-page","status-publish","hentry","no-thumb"],"_links":{"self":[{"href":"https:\/\/svenciunamai.eu\/index.php?rest_route=\/wp\/v2\/pages\/1449","targetHints":{"allow":["GET"]}}],"collection":[{"href":"https:\/\/svenciunamai.eu\/index.php?rest_route=\/wp\/v2\/pages"}],"about":[{"href":"https:\/\/svenciunamai.eu\/index.php?rest_route=\/wp\/v2\/types\/page"}],"author":[{"embeddable":true,"href":"https:\/\/svenciunamai.eu\/index.php?rest_route=\/wp\/v2\/users\/1"}],"replies":[{"embeddable":true,"href":"https:\/\/svenciunamai.eu\/index.php?rest_route=%2Fwp%2Fv2%2Fcomments&post=1449"}],"version-history":[{"count":51,"href":"https:\/\/svenciunamai.eu\/index.php?rest_route=\/wp\/v2\/pages\/1449\/revisions"}],"predecessor-version":[{"id":2705,"href":"https:\/\/svenciunamai.eu\/index.php?rest_route=\/wp\/v2\/pages\/1449\/revisions\/2705"}],"wp:attachment":[{"href":"https:\/\/svenciunamai.eu\/index.php?rest_route=%2Fwp%2Fv2%2Fmedia&parent=1449"}],"curies":[{"name":"wp","href":"https:\/\/api.w.org\/{rel}","templated":true}]}}