{"id":1447,"date":"2023-03-14T11:50:17","date_gmt":"2023-03-14T09:50:17","guid":{"rendered":"https:\/\/svenciunamai.eu\/?page_id=1447"},"modified":"2024-05-08T17:04:37","modified_gmt":"2024-05-08T14:04:37","slug":"mobilus-baras","status":"publish","type":"page","link":"https:\/\/svenciunamai.eu\/?page_id=1447","title":{"rendered":"Mobilus baras"},"content":{"rendered":"\n<p>Mobilus baras ir nuostabaus skonio bei gro\u017eio kokteiliai (NON-ALCOHOLIC)<\/p>\n\n\n\n<p><strong>Paisir<\/strong><strong>\u016bpinsime viskuo, kad nustebintume \u0161vent\u0117s sve\u010dius:<\/strong><\/p>\n\n\n\n<p>\u2022 Mobilus baras<br>\u2022 Profesionalus barmenas<br>\u2022 Taur\u0117s, stiklin\u0117s, \u0161iaudeliai ir servet\u0117l\u0117s<br>\u2022 Gera nuotaika<br>\u2022 Visi reikiami ingredientai<\/p>\n\n\n\n<p>Kaina nuo 360 eur.<\/p>\n\n\n\n<figure class=\"wp-block-gallery has-nested-images columns-default is-cropped wp-block-gallery-1 is-layout-flex wp-block-gallery-is-layout-flex\"><\/figure>\n","protected":false},"excerpt":{"rendered":"<p>Mobilus baras ir nuostabaus skonio bei gro\u017eio kokteiliai (NON-ALCOHOLIC) Paisir\u016bpinsime viskuo, kad nustebintume \u0161vent\u0117s sve\u010dius: \u2022 Mobilus baras\u2022 Profesionalus barmenas\u2022 Taur\u0117s, stiklin\u0117s, \u0161iaudeliai ir servet\u0117l\u0117s\u2022 Gera nuotaika\u2022 Visi reikiami ingredientai Kaina nuo 360 eur.<\/p>\n","protected":false},"author":1,"featured_media":0,"parent":0,"menu_order":0,"comment_status":"closed","ping_status":"closed","template":"","meta":{"ngg_post_thumbnail":0,"footnotes":""},"class_list":["post-1447","page","type-page","status-publish","hentry","no-thumb"],"_links":{"self":[{"href":"https:\/\/svenciunamai.eu\/index.php?rest_route=\/wp\/v2\/pages\/1447","targetHints":{"allow":["GET"]}}],"collection":[{"href":"https:\/\/svenciunamai.eu\/index.php?rest_route=\/wp\/v2\/pages"}],"about":[{"href":"https:\/\/svenciunamai.eu\/index.php?rest_route=\/wp\/v2\/types\/page"}],"author":[{"embeddable":true,"href":"https:\/\/svenciunamai.eu\/index.php?rest_route=\/wp\/v2\/users\/1"}],"replies":[{"embeddable":true,"href":"https:\/\/svenciunamai.eu\/index.php?rest_route=%2Fwp%2Fv2%2Fcomments&post=1447"}],"version-history":[{"count":3,"href":"https:\/\/svenciunamai.eu\/index.php?rest_route=\/wp\/v2\/pages\/1447\/revisions"}],"predecessor-version":[{"id":2672,"href":"https:\/\/svenciunamai.eu\/index.php?rest_route=\/wp\/v2\/pages\/1447\/revisions\/2672"}],"wp:attachment":[{"href":"https:\/\/svenciunamai.eu\/index.php?rest_route=%2Fwp%2Fv2%2Fmedia&parent=1447"}],"curies":[{"name":"wp","href":"https:\/\/api.w.org\/{rel}","templated":true}]}}